{"id":3398,"date":"2023-05-23T13:33:24","date_gmt":"2023-05-23T13:33:24","guid":{"rendered":"https:\/\/arsatis.fr\/?page_id=3398"},"modified":"2023-05-25T07:45:39","modified_gmt":"2023-05-25T07:45:39","slug":"retrouvez-nous","status":"publish","type":"page","link":"https:\/\/arsatis.fr\/?page_id=3398","title":{"rendered":"Retrouvez nous"},"content":{"rendered":"\t\t<div data-elementor-type=\"wp-page\" data-elementor-id=\"3398\" class=\"elementor elementor-3398\">\n\t\t\t\t\t\t<section class=\"elementor-section elementor-top-section elementor-element elementor-element-e0c85a6 elementor-section-boxed elementor-section-height-default elementor-section-height-default\" data-id=\"e0c85a6\" data-element_type=\"section\" data-e-type=\"section\">\n\t\t\t\t\t\t<div class=\"elementor-container elementor-column-gap-default\">\n\t\t\t\t\t<div class=\"elementor-column elementor-col-100 elementor-top-column elementor-element elementor-element-663d862\" data-id=\"663d862\" data-element_type=\"column\" data-e-type=\"column\">\n\t\t\t<div class=\"elementor-widget-wrap elementor-element-populated\">\n\t\t\t\t\t\t<div class=\"elementor-element elementor-element-8cbb4ea elementor-widget elementor-widget-shortcode\" data-id=\"8cbb4ea\" data-element_type=\"widget\" data-e-type=\"widget\" data-widget_type=\"shortcode.default\">\n\t\t\t\t<div class=\"elementor-widget-container\">\n\t\t\t\t\t\t\t<div class=\"elementor-shortcode\"><input type=\"button\" value=\"Back\" class=\"alg_back_button_input \" style=\"\" onclick=\"window.history.back()\" \/><\/div>\n\t\t\t\t\t\t<\/div>\n\t\t\t\t<\/div>\n\t\t\t\t\t<\/div>\n\t\t<\/div>\n\t\t\t\t\t<\/div>\n\t\t<\/section>\n\t\t\t\t<section class=\"elementor-section elementor-top-section elementor-element elementor-element-227c8a7 elementor-section-boxed elementor-section-height-default elementor-section-height-default\" data-id=\"227c8a7\" data-element_type=\"section\" data-e-type=\"section\">\n\t\t\t\t\t\t<div class=\"elementor-container elementor-column-gap-default\">\n\t\t\t\t\t<div class=\"elementor-column elementor-col-100 elementor-top-column elementor-element elementor-element-1f54654\" data-id=\"1f54654\" data-element_type=\"column\" data-e-type=\"column\">\n\t\t\t<div class=\"elementor-widget-wrap elementor-element-populated\">\n\t\t\t\t\t\t<div class=\"elementor-element elementor-element-4da512c elementor-widget elementor-widget-text-editor\" data-id=\"4da512c\" data-element_type=\"widget\" data-e-type=\"widget\" data-widget_type=\"text-editor.default\">\n\t\t\t\t<div class=\"elementor-widget-container\">\n\t\t\t\t\t\t\t\t\t<p style=\"box-sizing: inherit; margin-bottom: 1.5em; color: #eff6ff; background-color: #590200;\"><span style=\"box-sizing: inherit; font-weight: bolder;\">Adresse<\/span><br style=\"box-sizing: inherit;\" \/>8, rue Amp\u00e8re<br style=\"box-sizing: inherit;\" \/>87220 FEYTIAT<\/p><p style=\"box-sizing: inherit; margin-bottom: 1.5em; color: #eff6ff; background-color: #590200;\"><span style=\"box-sizing: inherit; font-weight: bolder;\">Num\u00e9ro de t\u00e9l\u00e9phone<br style=\"box-sizing: inherit;\" \/><\/span>05-55-30-55-90<\/p><p style=\"box-sizing: inherit; margin-bottom: 1.5em; color: #eff6ff; background-color: #590200;\"><span style=\"box-sizing: inherit; font-weight: bolder;\">Adresse mail<\/span><br style=\"box-sizing: inherit;\" \/>contact@arsatis.fr<\/p><p style=\"box-sizing: inherit; margin-bottom: 1.5em; color: #eff6ff; background-color: #590200;\"><span style=\"box-sizing: inherit; font-weight: bolder;\">Heures d\u2019ouverture<\/span><br style=\"box-sizing: inherit;\" \/>Du lundi au vendredi : 9h00\u201417h00<\/p>\t\t\t\t\t\t\t\t<\/div>\n\t\t\t\t<\/div>\n\t\t\t\t\t<\/div>\n\t\t<\/div>\n\t\t\t\t\t<\/div>\n\t\t<\/section>\n\t\t\t\t<section class=\"elementor-section elementor-top-section elementor-element elementor-element-cc59a6b elementor-section-boxed elementor-section-height-default elementor-section-height-default\" data-id=\"cc59a6b\" data-element_type=\"section\" data-e-type=\"section\">\n\t\t\t\t\t\t<div class=\"elementor-container elementor-column-gap-default\">\n\t\t\t\t\t<div class=\"elementor-column elementor-col-100 elementor-top-column elementor-element elementor-element-adb357f\" data-id=\"adb357f\" data-element_type=\"column\" data-e-type=\"column\">\n\t\t\t<div class=\"elementor-widget-wrap elementor-element-populated\">\n\t\t\t\t\t\t<div class=\"elementor-element elementor-element-435a76a elementor-widget elementor-widget-google_maps\" data-id=\"435a76a\" data-element_type=\"widget\" data-e-type=\"widget\" data-widget_type=\"google_maps.default\">\n\t\t\t\t<div class=\"elementor-widget-container\">\n\t\t\t\t\t\t\t<div class=\"elementor-custom-embed\">\n\t\t\t<iframe loading=\"lazy\"\n\t\t\t\t\tsrc=\"https:\/\/maps.google.com\/maps?q=Arsatis&#038;t=m&#038;z=10&#038;output=embed&#038;iwloc=near\"\n\t\t\t\t\ttitle=\"Arsatis\"\n\t\t\t\t\taria-label=\"Arsatis\"\n\t\t\t><\/iframe>\n\t\t<\/div>\n\t\t\t\t\t\t<\/div>\n\t\t\t\t<\/div>\n\t\t\t\t\t<\/div>\n\t\t<\/div>\n\t\t\t\t\t<\/div>\n\t\t<\/section>\n\t\t\t\t<\/div>\n\t\t","protected":false},"excerpt":{"rendered":"<p>Adresse8, rue Amp\u00e8re87220 FEYTIAT Num\u00e9ro de t\u00e9l\u00e9phone05-55-30-55-90 Adresse mailcontact@arsatis.fr Heures d\u2019ouvertureDu lundi au vendredi : 9h00\u201417h00<\/p>\n","protected":false},"author":1,"featured_media":0,"parent":0,"menu_order":0,"comment_status":"closed","ping_status":"closed","template":"","meta":{"footnotes":""},"class_list":["post-3398","page","type-page","status-publish","hentry"],"_links":{"self":[{"href":"https:\/\/arsatis.fr\/index.php?rest_route=\/wp\/v2\/pages\/3398","targetHints":{"allow":["GET"]}}],"collection":[{"href":"https:\/\/arsatis.fr\/index.php?rest_route=\/wp\/v2\/pages"}],"about":[{"href":"https:\/\/arsatis.fr\/index.php?rest_route=\/wp\/v2\/types\/page"}],"author":[{"embeddable":true,"href":"https:\/\/arsatis.fr\/index.php?rest_route=\/wp\/v2\/users\/1"}],"replies":[{"embeddable":true,"href":"https:\/\/arsatis.fr\/index.php?rest_route=%2Fwp%2Fv2%2Fcomments&post=3398"}],"version-history":[{"count":13,"href":"https:\/\/arsatis.fr\/index.php?rest_route=\/wp\/v2\/pages\/3398\/revisions"}],"predecessor-version":[{"id":3591,"href":"https:\/\/arsatis.fr\/index.php?rest_route=\/wp\/v2\/pages\/3398\/revisions\/3591"}],"wp:attachment":[{"href":"https:\/\/arsatis.fr\/index.php?rest_route=%2Fwp%2Fv2%2Fmedia&parent=3398"}],"curies":[{"name":"wp","href":"https:\/\/api.w.org\/{rel}","templated":true}]}}