{"id":3210,"date":"2023-05-22T09:33:58","date_gmt":"2023-05-22T09:33:58","guid":{"rendered":"https:\/\/arsatis.fr\/?page_id=3210"},"modified":"2023-05-22T09:36:12","modified_gmt":"2023-05-22T09:36:12","slug":"refection-denduits-en-recherche","status":"publish","type":"page","link":"https:\/\/arsatis.fr\/?page_id=3210","title":{"rendered":"R\u00e9fection d&rsquo;enduits en recherche"},"content":{"rendered":"\t\t<div data-elementor-type=\"wp-page\" data-elementor-id=\"3210\" class=\"elementor elementor-3210\">\n\t\t\t\t\t\t<section class=\"elementor-section elementor-top-section elementor-element elementor-element-d44c51a elementor-section-boxed elementor-section-height-default elementor-section-height-default\" data-id=\"d44c51a\" data-element_type=\"section\" data-e-type=\"section\">\n\t\t\t\t\t\t<div class=\"elementor-container elementor-column-gap-default\">\n\t\t\t\t\t<div class=\"elementor-column elementor-col-100 elementor-top-column elementor-element elementor-element-f383fbb\" data-id=\"f383fbb\" data-element_type=\"column\" data-e-type=\"column\">\n\t\t\t<div class=\"elementor-widget-wrap elementor-element-populated\">\n\t\t\t\t\t\t<div class=\"elementor-element elementor-element-4ed1a98 elementor-widget elementor-widget-shortcode\" data-id=\"4ed1a98\" data-element_type=\"widget\" data-e-type=\"widget\" data-widget_type=\"shortcode.default\">\n\t\t\t\t<div class=\"elementor-widget-container\">\n\t\t\t\t\t\t\t<div class=\"elementor-shortcode\"><input type=\"button\" value=\"Back\" class=\"alg_back_button_input \" style=\"\" onclick=\"window.history.back()\" \/><\/div>\n\t\t\t\t\t\t<\/div>\n\t\t\t\t<\/div>\n\t\t\t\t\t<\/div>\n\t\t<\/div>\n\t\t\t\t\t<\/div>\n\t\t<\/section>\n\t\t\t\t<section class=\"elementor-section elementor-top-section elementor-element elementor-element-5a68d1d elementor-section-boxed elementor-section-height-default elementor-section-height-default\" data-id=\"5a68d1d\" data-element_type=\"section\" data-e-type=\"section\">\n\t\t\t\t\t\t<div class=\"elementor-container elementor-column-gap-default\">\n\t\t\t\t\t<div class=\"elementor-column elementor-col-100 elementor-top-column elementor-element elementor-element-17fa2e8\" data-id=\"17fa2e8\" data-element_type=\"column\" data-e-type=\"column\">\n\t\t\t<div class=\"elementor-widget-wrap elementor-element-populated\">\n\t\t\t\t\t\t<div class=\"elementor-element elementor-element-ff3f7b9 elementor-widget elementor-widget-text-editor\" data-id=\"ff3f7b9\" data-element_type=\"widget\" data-e-type=\"widget\" data-widget_type=\"text-editor.default\">\n\t\t\t\t<div class=\"elementor-widget-container\">\n\t\t\t\t\t\t\t\t\t<p><span style=\"font-weight: bolder; color: #590200; font-size: 20px;\">R\u00e9novation de la chapelle Nord de l&rsquo;\u00e9glise Saint-Pierre-\u00e8s-Liens \u00e0 Panazol<\/span><br style=\"color: #590200; font-size: 20px;\" \/><span style=\"color: #590200; font-size: 20px;\">Restauration des murs int\u00e9rieurs de la chapelle comprenant piochement des enduits en recherche, d\u00e9capage de la peinture et du badigeon des enduits et staffs conserv\u00e9s, enduit d&rsquo;assainissement en soubassement, enduit au mortier de chaux et pl\u00e2tre finition liss\u00e9e en \u00e9l\u00e9vation, restauration en recherche des moulures en pl\u00e2tre, badigeon d&rsquo;harmonisation.<\/span><\/p>\t\t\t\t\t\t\t\t<\/div>\n\t\t\t\t<\/div>\n\t\t\t\t\t<\/div>\n\t\t<\/div>\n\t\t\t\t\t<\/div>\n\t\t<\/section>\n\t\t\t\t<section class=\"elementor-section elementor-top-section elementor-element elementor-element-55c4e49 elementor-section-boxed elementor-section-height-default elementor-section-height-default\" data-id=\"55c4e49\" data-element_type=\"section\" data-e-type=\"section\">\n\t\t\t\t\t\t<div class=\"elementor-container elementor-column-gap-default\">\n\t\t\t\t\t<div class=\"elementor-column elementor-col-50 elementor-top-column elementor-element elementor-element-c7df218\" data-id=\"c7df218\" data-element_type=\"column\" data-e-type=\"column\">\n\t\t\t<div class=\"elementor-widget-wrap elementor-element-populated\">\n\t\t\t\t\t\t<div class=\"elementor-element elementor-element-75381e4 animated-slow elementor-invisible elementor-widget elementor-widget-image\" data-id=\"75381e4\" data-element_type=\"widget\" data-e-type=\"widget\" data-settings=\"{&quot;_animation&quot;:&quot;rotateInDownLeft&quot;}\" data-widget_type=\"image.default\">\n\t\t\t\t<div class=\"elementor-widget-container\">\n\t\t\t\t\t\t\t\t\t\t\t\t<figure class=\"wp-caption\">\n\t\t\t\t\t\t\t\t\t\t<img fetchpriority=\"high\" decoding=\"async\" width=\"583\" height=\"439\" src=\"https:\/\/arsatis.fr\/wp-content\/uploads\/2023\/05\/Image1-6.jpg\" class=\"attachment-large size-large wp-image-912\" alt=\"\" srcset=\"https:\/\/arsatis.fr\/wp-content\/uploads\/2023\/05\/Image1-6.jpg 583w, https:\/\/arsatis.fr\/wp-content\/uploads\/2023\/05\/Image1-6-300x226.jpg 300w\" sizes=\"100vw\" \/>\t\t\t\t\t\t\t\t\t\t\t<figcaption class=\"widget-image-caption wp-caption-text\">AVANT<\/figcaption>\n\t\t\t\t\t\t\t\t\t\t<\/figure>\n\t\t\t\t\t\t\t\t\t<\/div>\n\t\t\t\t<\/div>\n\t\t\t\t\t<\/div>\n\t\t<\/div>\n\t\t\t\t<div class=\"elementor-column elementor-col-50 elementor-top-column elementor-element elementor-element-098886a\" data-id=\"098886a\" data-element_type=\"column\" data-e-type=\"column\">\n\t\t\t<div class=\"elementor-widget-wrap elementor-element-populated\">\n\t\t\t\t\t\t<div class=\"elementor-element elementor-element-906b889 animated-slow elementor-invisible elementor-widget elementor-widget-image\" data-id=\"906b889\" data-element_type=\"widget\" data-e-type=\"widget\" data-settings=\"{&quot;_animation&quot;:&quot;rotateInDownRight&quot;}\" data-widget_type=\"image.default\">\n\t\t\t\t<div class=\"elementor-widget-container\">\n\t\t\t\t\t\t\t\t\t\t\t\t<figure class=\"wp-caption\">\n\t\t\t\t\t\t\t\t\t\t<img decoding=\"async\" width=\"950\" height=\"714\" src=\"https:\/\/arsatis.fr\/wp-content\/uploads\/2023\/05\/Image2-6-1024x770.jpg\" class=\"attachment-large size-large wp-image-913\" alt=\"\" srcset=\"https:\/\/arsatis.fr\/wp-content\/uploads\/2023\/05\/Image2-6-1024x770.jpg 1024w, https:\/\/arsatis.fr\/wp-content\/uploads\/2023\/05\/Image2-6-300x225.jpg 300w, https:\/\/arsatis.fr\/wp-content\/uploads\/2023\/05\/Image2-6-768x577.jpg 768w, https:\/\/arsatis.fr\/wp-content\/uploads\/2023\/05\/Image2-6.jpg 1075w\" sizes=\"100vw\" \/>\t\t\t\t\t\t\t\t\t\t\t<figcaption class=\"widget-image-caption wp-caption-text\">APR\u00c8S<\/figcaption>\n\t\t\t\t\t\t\t\t\t\t<\/figure>\n\t\t\t\t\t\t\t\t\t<\/div>\n\t\t\t\t<\/div>\n\t\t\t\t\t<\/div>\n\t\t<\/div>\n\t\t\t\t\t<\/div>\n\t\t<\/section>\n\t\t\t\t<\/div>\n\t\t","protected":false},"excerpt":{"rendered":"<p>R\u00e9novation de la chapelle Nord de l&rsquo;\u00e9glise Saint-Pierre-\u00e8s-Liens \u00e0 PanazolRestauration des murs int\u00e9rieurs de la chapelle comprenant piochement des enduits en recherche, d\u00e9capage de la peinture et du badigeon des enduits et staffs conserv\u00e9s, enduit d&rsquo;assainissement en soubassement, enduit au mortier de chaux et pl\u00e2tre finition liss\u00e9e en \u00e9l\u00e9vation, restauration en recherche des moulures en &hellip; <\/p>\n<p class=\"link-more\"><a href=\"https:\/\/arsatis.fr\/?page_id=3210\" class=\"more-link\">Lire la suite de<span class=\"screen-reader-text\">\u00ab\u00a0R\u00e9fection d&rsquo;enduits en recherche\u00a0\u00bb<\/span><\/a><\/p>\n","protected":false},"author":1,"featured_media":0,"parent":0,"menu_order":0,"comment_status":"closed","ping_status":"closed","template":"","meta":{"footnotes":""},"class_list":["post-3210","page","type-page","status-publish","hentry"],"_links":{"self":[{"href":"https:\/\/arsatis.fr\/index.php?rest_route=\/wp\/v2\/pages\/3210","targetHints":{"allow":["GET"]}}],"collection":[{"href":"https:\/\/arsatis.fr\/index.php?rest_route=\/wp\/v2\/pages"}],"about":[{"href":"https:\/\/arsatis.fr\/index.php?rest_route=\/wp\/v2\/types\/page"}],"author":[{"embeddable":true,"href":"https:\/\/arsatis.fr\/index.php?rest_route=\/wp\/v2\/users\/1"}],"replies":[{"embeddable":true,"href":"https:\/\/arsatis.fr\/index.php?rest_route=%2Fwp%2Fv2%2Fcomments&post=3210"}],"version-history":[{"count":7,"href":"https:\/\/arsatis.fr\/index.php?rest_route=\/wp\/v2\/pages\/3210\/revisions"}],"predecessor-version":[{"id":3217,"href":"https:\/\/arsatis.fr\/index.php?rest_route=\/wp\/v2\/pages\/3210\/revisions\/3217"}],"wp:attachment":[{"href":"https:\/\/arsatis.fr\/index.php?rest_route=%2Fwp%2Fv2%2Fmedia&parent=3210"}],"curies":[{"name":"wp","href":"https:\/\/api.w.org\/{rel}","templated":true}]}}