{"id":3029,"date":"2023-05-22T07:10:44","date_gmt":"2023-05-22T07:10:44","guid":{"rendered":"https:\/\/arsatis.fr\/?page_id=3029"},"modified":"2023-05-22T07:26:41","modified_gmt":"2023-05-22T07:26:41","slug":"dallages-en-carreaux-de-terre-cuite","status":"publish","type":"page","link":"https:\/\/arsatis.fr\/?page_id=3029","title":{"rendered":"Dallages en carreaux de terre cuite"},"content":{"rendered":"\t\t<div data-elementor-type=\"wp-page\" data-elementor-id=\"3029\" class=\"elementor elementor-3029\">\n\t\t\t\t\t\t<section class=\"elementor-section elementor-top-section elementor-element elementor-element-1615bfe elementor-section-boxed elementor-section-height-default elementor-section-height-default\" data-id=\"1615bfe\" data-element_type=\"section\" data-e-type=\"section\">\n\t\t\t\t\t\t<div class=\"elementor-container elementor-column-gap-default\">\n\t\t\t\t\t<div class=\"elementor-column elementor-col-100 elementor-top-column elementor-element elementor-element-708bb4b\" data-id=\"708bb4b\" data-element_type=\"column\" data-e-type=\"column\">\n\t\t\t<div class=\"elementor-widget-wrap elementor-element-populated\">\n\t\t\t\t\t\t<div class=\"elementor-element elementor-element-5681cc6 elementor-widget elementor-widget-shortcode\" data-id=\"5681cc6\" data-element_type=\"widget\" data-e-type=\"widget\" data-widget_type=\"shortcode.default\">\n\t\t\t\t<div class=\"elementor-widget-container\">\n\t\t\t\t\t\t\t<div class=\"elementor-shortcode\"><input type=\"button\" value=\"Back\" class=\"alg_back_button_input \" style=\"\" onclick=\"window.history.back()\" \/> <\/div>\n\t\t\t\t\t\t<\/div>\n\t\t\t\t<\/div>\n\t\t\t\t\t<\/div>\n\t\t<\/div>\n\t\t\t\t\t<\/div>\n\t\t<\/section>\n\t\t\t\t<section class=\"elementor-section elementor-top-section elementor-element elementor-element-8fefba2 elementor-section-boxed elementor-section-height-default elementor-section-height-default\" data-id=\"8fefba2\" data-element_type=\"section\" data-e-type=\"section\">\n\t\t\t\t\t\t<div class=\"elementor-container elementor-column-gap-default\">\n\t\t\t\t\t<div class=\"elementor-column elementor-col-100 elementor-top-column elementor-element elementor-element-e36bd92\" data-id=\"e36bd92\" data-element_type=\"column\" data-e-type=\"column\">\n\t\t\t<div class=\"elementor-widget-wrap elementor-element-populated\">\n\t\t\t\t\t\t<div class=\"elementor-element elementor-element-b103ca6 elementor-widget elementor-widget-text-editor\" data-id=\"b103ca6\" data-element_type=\"widget\" data-e-type=\"widget\" data-widget_type=\"text-editor.default\">\n\t\t\t\t<div class=\"elementor-widget-container\">\n\t\t\t\t\t\t\t\t\t<p><span style=\"font-weight: bolder; color: #590200; font-size: 20px;\">Ch\u00e2teau des Ducs \u00e0 Mortemart (87)<\/span><br style=\"color: #590200; font-size: 20px;\" \/><span style=\"color: #590200; font-size: 20px;\">Am\u00e9nagement d&rsquo;un g\u00eete, enduit chaux-chanvre sur murs et fourniture et pose de tomettes terre cuite XVIII\u00e8me, et de fa\u00efences.<\/span><\/p>\t\t\t\t\t\t\t\t<\/div>\n\t\t\t\t<\/div>\n\t\t\t\t\t<\/div>\n\t\t<\/div>\n\t\t\t\t\t<\/div>\n\t\t<\/section>\n\t\t\t\t<section class=\"elementor-section elementor-top-section elementor-element elementor-element-bf610a5 elementor-section-boxed elementor-section-height-default elementor-section-height-default\" data-id=\"bf610a5\" data-element_type=\"section\" data-e-type=\"section\">\n\t\t\t\t\t\t<div class=\"elementor-container elementor-column-gap-default\">\n\t\t\t\t\t<div class=\"elementor-column elementor-col-50 elementor-top-column elementor-element elementor-element-86c2e51\" data-id=\"86c2e51\" data-element_type=\"column\" data-e-type=\"column\">\n\t\t\t<div class=\"elementor-widget-wrap elementor-element-populated\">\n\t\t\t\t\t\t<div class=\"elementor-element elementor-element-c47bf4c animated-slow elementor-invisible elementor-widget elementor-widget-image\" data-id=\"c47bf4c\" data-element_type=\"widget\" data-e-type=\"widget\" data-settings=\"{&quot;_animation&quot;:&quot;rotateInDownLeft&quot;}\" data-widget_type=\"image.default\">\n\t\t\t\t<div class=\"elementor-widget-container\">\n\t\t\t\t\t\t\t\t\t\t\t\t<figure class=\"wp-caption\">\n\t\t\t\t\t\t\t\t\t\t<img fetchpriority=\"high\" decoding=\"async\" width=\"523\" height=\"394\" src=\"https:\/\/arsatis.fr\/wp-content\/uploads\/2023\/05\/Image11-1.jpg\" class=\"attachment-large size-large wp-image-1395\" alt=\"\" srcset=\"https:\/\/arsatis.fr\/wp-content\/uploads\/2023\/05\/Image11-1.jpg 523w, https:\/\/arsatis.fr\/wp-content\/uploads\/2023\/05\/Image11-1-300x226.jpg 300w\" sizes=\"100vw\" \/>\t\t\t\t\t\t\t\t\t\t\t<figcaption class=\"widget-image-caption wp-caption-text\">AVANT<\/figcaption>\n\t\t\t\t\t\t\t\t\t\t<\/figure>\n\t\t\t\t\t\t\t\t\t<\/div>\n\t\t\t\t<\/div>\n\t\t\t\t\t<\/div>\n\t\t<\/div>\n\t\t\t\t<div class=\"elementor-column elementor-col-50 elementor-top-column elementor-element elementor-element-795be98\" data-id=\"795be98\" data-element_type=\"column\" data-e-type=\"column\">\n\t\t\t<div class=\"elementor-widget-wrap elementor-element-populated\">\n\t\t\t\t\t\t<div class=\"elementor-element elementor-element-df11a05 animated-slow elementor-invisible elementor-widget elementor-widget-image\" data-id=\"df11a05\" data-element_type=\"widget\" data-e-type=\"widget\" data-settings=\"{&quot;_animation&quot;:&quot;rotateInDownRight&quot;}\" data-widget_type=\"image.default\">\n\t\t\t\t<div class=\"elementor-widget-container\">\n\t\t\t\t\t\t\t\t\t\t\t\t<figure class=\"wp-caption\">\n\t\t\t\t\t\t\t\t\t\t<img decoding=\"async\" width=\"904\" height=\"680\" src=\"https:\/\/arsatis.fr\/wp-content\/uploads\/2023\/05\/Image12-1.jpg\" class=\"attachment-large size-large wp-image-1396\" alt=\"\" srcset=\"https:\/\/arsatis.fr\/wp-content\/uploads\/2023\/05\/Image12-1.jpg 904w, https:\/\/arsatis.fr\/wp-content\/uploads\/2023\/05\/Image12-1-300x226.jpg 300w, https:\/\/arsatis.fr\/wp-content\/uploads\/2023\/05\/Image12-1-768x578.jpg 768w\" sizes=\"100vw\" \/>\t\t\t\t\t\t\t\t\t\t\t<figcaption class=\"widget-image-caption wp-caption-text\">APR\u00c8S<\/figcaption>\n\t\t\t\t\t\t\t\t\t\t<\/figure>\n\t\t\t\t\t\t\t\t\t<\/div>\n\t\t\t\t<\/div>\n\t\t\t\t\t<\/div>\n\t\t<\/div>\n\t\t\t\t\t<\/div>\n\t\t<\/section>\n\t\t\t\t<section class=\"elementor-section elementor-top-section elementor-element elementor-element-7f8e8f2 elementor-section-boxed elementor-section-height-default elementor-section-height-default\" data-id=\"7f8e8f2\" data-element_type=\"section\" data-e-type=\"section\">\n\t\t\t\t\t\t<div class=\"elementor-container elementor-column-gap-default\">\n\t\t\t\t\t<div class=\"elementor-column elementor-col-100 elementor-top-column elementor-element elementor-element-068cd14\" data-id=\"068cd14\" data-element_type=\"column\" data-e-type=\"column\">\n\t\t\t<div class=\"elementor-widget-wrap elementor-element-populated\">\n\t\t\t\t\t\t<div class=\"elementor-element elementor-element-ffa6484 elementor-widget elementor-widget-text-editor\" data-id=\"ffa6484\" data-element_type=\"widget\" data-e-type=\"widget\" data-widget_type=\"text-editor.default\">\n\t\t\t\t<div class=\"elementor-widget-container\">\n\t\t\t\t\t\t\t\t\t<p><span style=\"font-weight: bolder; color: #590200; font-size: 20px;\">Logis de Fargeas (ISMH) \u00e0 Vicq-sur-Breuil<\/span><br style=\"color: #590200; font-size: 20px;\" \/><span style=\"color: #590200; font-size: 20px;\">R\u00e9alisation d&rsquo;un enduit int\u00e9rieur au mortier de chaux grasse et fourniture et pose de carreaux de terre cuite de r\u00e9cup\u00e9ration.<\/span><\/p>\t\t\t\t\t\t\t\t<\/div>\n\t\t\t\t<\/div>\n\t\t\t\t\t<\/div>\n\t\t<\/div>\n\t\t\t\t\t<\/div>\n\t\t<\/section>\n\t\t\t\t<section class=\"elementor-section elementor-top-section elementor-element elementor-element-c7d4eea elementor-section-boxed elementor-section-height-default elementor-section-height-default\" data-id=\"c7d4eea\" data-element_type=\"section\" data-e-type=\"section\">\n\t\t\t\t\t\t<div class=\"elementor-container elementor-column-gap-default\">\n\t\t\t\t\t<div class=\"elementor-column elementor-col-50 elementor-top-column elementor-element elementor-element-256b6c3\" data-id=\"256b6c3\" data-element_type=\"column\" data-e-type=\"column\">\n\t\t\t<div class=\"elementor-widget-wrap elementor-element-populated\">\n\t\t\t\t\t\t<div class=\"elementor-element elementor-element-65f7e70 animated-slow elementor-invisible elementor-widget elementor-widget-image\" data-id=\"65f7e70\" data-element_type=\"widget\" data-e-type=\"widget\" data-settings=\"{&quot;_animation&quot;:&quot;rotateInDownLeft&quot;}\" data-widget_type=\"image.default\">\n\t\t\t\t<div class=\"elementor-widget-container\">\n\t\t\t\t\t\t\t\t\t\t\t\t<figure class=\"wp-caption\">\n\t\t\t\t\t\t\t\t\t\t<img decoding=\"async\" width=\"833\" height=\"691\" src=\"https:\/\/arsatis.fr\/wp-content\/uploads\/2023\/05\/Image1-2.jpg\" class=\"attachment-large size-large wp-image-864\" alt=\"\" srcset=\"https:\/\/arsatis.fr\/wp-content\/uploads\/2023\/05\/Image1-2.jpg 833w, https:\/\/arsatis.fr\/wp-content\/uploads\/2023\/05\/Image1-2-300x249.jpg 300w, https:\/\/arsatis.fr\/wp-content\/uploads\/2023\/05\/Image1-2-768x637.jpg 768w\" sizes=\"100vw\" \/>\t\t\t\t\t\t\t\t\t\t\t<figcaption class=\"widget-image-caption wp-caption-text\">AVANT<\/figcaption>\n\t\t\t\t\t\t\t\t\t\t<\/figure>\n\t\t\t\t\t\t\t\t\t<\/div>\n\t\t\t\t<\/div>\n\t\t\t\t\t<\/div>\n\t\t<\/div>\n\t\t\t\t<div class=\"elementor-column elementor-col-50 elementor-top-column elementor-element elementor-element-70891ab\" data-id=\"70891ab\" data-element_type=\"column\" data-e-type=\"column\">\n\t\t\t<div class=\"elementor-widget-wrap elementor-element-populated\">\n\t\t\t\t\t\t<div class=\"elementor-element elementor-element-377c2b1 animated-slow elementor-invisible elementor-widget elementor-widget-image\" data-id=\"377c2b1\" data-element_type=\"widget\" data-e-type=\"widget\" data-settings=\"{&quot;_animation&quot;:&quot;rotateInDownRight&quot;}\" data-widget_type=\"image.default\">\n\t\t\t\t<div class=\"elementor-widget-container\">\n\t\t\t\t\t\t\t\t\t\t\t\t<figure class=\"wp-caption\">\n\t\t\t\t\t\t\t\t\t\t<img loading=\"lazy\" decoding=\"async\" width=\"736\" height=\"684\" src=\"https:\/\/arsatis.fr\/wp-content\/uploads\/2023\/05\/Image2-2.jpg\" class=\"attachment-large size-large wp-image-865\" alt=\"\" srcset=\"https:\/\/arsatis.fr\/wp-content\/uploads\/2023\/05\/Image2-2.jpg 736w, https:\/\/arsatis.fr\/wp-content\/uploads\/2023\/05\/Image2-2-300x279.jpg 300w\" sizes=\"100vw\" \/>\t\t\t\t\t\t\t\t\t\t\t<figcaption class=\"widget-image-caption wp-caption-text\">APR\u00c8S<\/figcaption>\n\t\t\t\t\t\t\t\t\t\t<\/figure>\n\t\t\t\t\t\t\t\t\t<\/div>\n\t\t\t\t<\/div>\n\t\t\t\t\t<\/div>\n\t\t<\/div>\n\t\t\t\t\t<\/div>\n\t\t<\/section>\n\t\t\t\t<\/div>\n\t\t","protected":false},"excerpt":{"rendered":"<p>Ch\u00e2teau des Ducs \u00e0 Mortemart (87)Am\u00e9nagement d&rsquo;un g\u00eete, enduit chaux-chanvre sur murs et fourniture et pose de tomettes terre cuite XVIII\u00e8me, et de fa\u00efences. AVANT APR\u00c8S Logis de Fargeas (ISMH) \u00e0 Vicq-sur-BreuilR\u00e9alisation d&rsquo;un enduit int\u00e9rieur au mortier de chaux grasse et fourniture et pose de carreaux de terre cuite de r\u00e9cup\u00e9ration. AVANT APR\u00c8S<\/p>\n","protected":false},"author":1,"featured_media":0,"parent":0,"menu_order":0,"comment_status":"closed","ping_status":"closed","template":"","meta":{"footnotes":""},"class_list":["post-3029","page","type-page","status-publish","hentry"],"_links":{"self":[{"href":"https:\/\/arsatis.fr\/index.php?rest_route=\/wp\/v2\/pages\/3029","targetHints":{"allow":["GET"]}}],"collection":[{"href":"https:\/\/arsatis.fr\/index.php?rest_route=\/wp\/v2\/pages"}],"about":[{"href":"https:\/\/arsatis.fr\/index.php?rest_route=\/wp\/v2\/types\/page"}],"author":[{"embeddable":true,"href":"https:\/\/arsatis.fr\/index.php?rest_route=\/wp\/v2\/users\/1"}],"replies":[{"embeddable":true,"href":"https:\/\/arsatis.fr\/index.php?rest_route=%2Fwp%2Fv2%2Fcomments&post=3029"}],"version-history":[{"count":7,"href":"https:\/\/arsatis.fr\/index.php?rest_route=\/wp\/v2\/pages\/3029\/revisions"}],"predecessor-version":[{"id":3056,"href":"https:\/\/arsatis.fr\/index.php?rest_route=\/wp\/v2\/pages\/3029\/revisions\/3056"}],"wp:attachment":[{"href":"https:\/\/arsatis.fr\/index.php?rest_route=%2Fwp%2Fv2%2Fmedia&parent=3029"}],"curies":[{"name":"wp","href":"https:\/\/api.w.org\/{rel}","templated":true}]}}