{"id":3018,"date":"2023-05-22T07:01:00","date_gmt":"2023-05-22T07:01:00","guid":{"rendered":"https:\/\/arsatis.fr\/?page_id=3018"},"modified":"2023-05-22T07:05:12","modified_gmt":"2023-05-22T07:05:12","slug":"enduits-interieurs-a-la-chaux","status":"publish","type":"page","link":"https:\/\/arsatis.fr\/?page_id=3018","title":{"rendered":"Enduits int\u00e9rieurs \u00e0 la chaux"},"content":{"rendered":"\t\t<div data-elementor-type=\"wp-page\" data-elementor-id=\"3018\" class=\"elementor elementor-3018\">\n\t\t\t\t\t\t<section class=\"elementor-section elementor-top-section elementor-element elementor-element-a791e33 elementor-section-boxed elementor-section-height-default elementor-section-height-default\" data-id=\"a791e33\" data-element_type=\"section\" data-e-type=\"section\">\n\t\t\t\t\t\t<div class=\"elementor-container elementor-column-gap-default\">\n\t\t\t\t\t<div class=\"elementor-column elementor-col-100 elementor-top-column elementor-element elementor-element-2c556ae\" data-id=\"2c556ae\" data-element_type=\"column\" data-e-type=\"column\">\n\t\t\t<div class=\"elementor-widget-wrap elementor-element-populated\">\n\t\t\t\t\t\t<div class=\"elementor-element elementor-element-e33090f elementor-widget elementor-widget-shortcode\" data-id=\"e33090f\" data-element_type=\"widget\" data-e-type=\"widget\" data-widget_type=\"shortcode.default\">\n\t\t\t\t<div class=\"elementor-widget-container\">\n\t\t\t\t\t\t\t<div class=\"elementor-shortcode\"><input type=\"button\" value=\"Back\" class=\"alg_back_button_input \" style=\"\" onclick=\"window.history.back()\" \/><\/div>\n\t\t\t\t\t\t<\/div>\n\t\t\t\t<\/div>\n\t\t\t\t\t<\/div>\n\t\t<\/div>\n\t\t\t\t\t<\/div>\n\t\t<\/section>\n\t\t\t\t<section class=\"elementor-section elementor-top-section elementor-element elementor-element-fdc7c54 elementor-section-boxed elementor-section-height-default elementor-section-height-default\" data-id=\"fdc7c54\" data-element_type=\"section\" data-e-type=\"section\">\n\t\t\t\t\t\t<div class=\"elementor-container elementor-column-gap-default\">\n\t\t\t\t\t<div class=\"elementor-column elementor-col-100 elementor-top-column elementor-element elementor-element-db83315\" data-id=\"db83315\" data-element_type=\"column\" data-e-type=\"column\">\n\t\t\t<div class=\"elementor-widget-wrap elementor-element-populated\">\n\t\t\t\t\t\t<div class=\"elementor-element elementor-element-3f99546 elementor-widget elementor-widget-text-editor\" data-id=\"3f99546\" data-element_type=\"widget\" data-e-type=\"widget\" data-widget_type=\"text-editor.default\">\n\t\t\t\t<div class=\"elementor-widget-container\">\n\t\t\t\t\t\t\t\t\t<p style=\"color: #590200; font-size: 20px;\">Les enduits \u00e0 la chaux sont perm\u00e9ables \u00e0 la vapeur et permettent ainsi de laisser respirer les murs. Ils sont donc id\u00e9als sur murs anciens, en pierre par exemple, pour garantir la p\u00e9rennit\u00e9 du support et pr\u00e9server l&rsquo;air int\u00e9rieur.<\/p><p style=\"color: #590200; font-size: 20px;\">Les enduits \u00e0 la chaux sont bact\u00e9ricides et fongicides : en plus de ses vertus respirantes, la chaux prot\u00e8ge contre le d\u00e9veloppement de bact\u00e9ries et de champignons. C&rsquo;est donc un mat\u00e9riau id\u00e9al pour une maison saine et propre !<\/p><p style=\"color: #590200; font-size: 20px;\">Les enduits \u00e0 la chaux sont imperm\u00e9ables \u00e0 l&rsquo;eau de ruissellement. Contrairement aux id\u00e9es re\u00e7ues, la chaux est donc appropri\u00e9e pour les salles de bains et les cuisines.<\/p><p style=\"color: #590200; font-size: 20px;\">Enfin, les enduits \u00e0 la chaux ont un charme classique et raffin\u00e9 inimitable qui apporte \u00e0 un int\u00e9rieur une touche chaleureuse, douce et \u00e9l\u00e9gante.<\/p>\t\t\t\t\t\t\t\t<\/div>\n\t\t\t\t<\/div>\n\t\t\t\t\t<\/div>\n\t\t<\/div>\n\t\t\t\t\t<\/div>\n\t\t<\/section>\n\t\t\t\t<section class=\"elementor-section elementor-top-section elementor-element elementor-element-36e4cbb elementor-section-boxed elementor-section-height-default elementor-section-height-default\" data-id=\"36e4cbb\" data-element_type=\"section\" data-e-type=\"section\">\n\t\t\t\t\t\t<div class=\"elementor-container elementor-column-gap-default\">\n\t\t\t\t\t<div class=\"elementor-column elementor-col-100 elementor-top-column elementor-element elementor-element-0bd9460\" data-id=\"0bd9460\" data-element_type=\"column\" data-e-type=\"column\">\n\t\t\t<div class=\"elementor-widget-wrap elementor-element-populated\">\n\t\t\t\t\t\t<div class=\"elementor-element elementor-element-8da54a8 elementor-widget elementor-widget-spacer\" data-id=\"8da54a8\" data-element_type=\"widget\" data-e-type=\"widget\" data-widget_type=\"spacer.default\">\n\t\t\t\t<div class=\"elementor-widget-container\">\n\t\t\t\t\t\t\t<div class=\"elementor-spacer\">\n\t\t\t<div class=\"elementor-spacer-inner\"><\/div>\n\t\t<\/div>\n\t\t\t\t\t\t<\/div>\n\t\t\t\t<\/div>\n\t\t\t\t\t<\/div>\n\t\t<\/div>\n\t\t\t\t\t<\/div>\n\t\t<\/section>\n\t\t\t\t<section class=\"elementor-section elementor-top-section elementor-element elementor-element-63a360a elementor-section-boxed elementor-section-height-default elementor-section-height-default\" data-id=\"63a360a\" data-element_type=\"section\" data-e-type=\"section\">\n\t\t\t\t\t\t<div class=\"elementor-container elementor-column-gap-default\">\n\t\t\t\t\t<div class=\"elementor-column elementor-col-100 elementor-top-column elementor-element elementor-element-4a62414\" data-id=\"4a62414\" data-element_type=\"column\" data-e-type=\"column\">\n\t\t\t<div class=\"elementor-widget-wrap elementor-element-populated\">\n\t\t\t\t\t\t<div class=\"elementor-element elementor-element-cb44f70 elementor-widget elementor-widget-text-editor\" data-id=\"cb44f70\" data-element_type=\"widget\" data-e-type=\"widget\" data-widget_type=\"text-editor.default\">\n\t\t\t\t<div class=\"elementor-widget-container\">\n\t\t\t\t\t\t\t\t\t<p><span style=\"font-weight: bolder; color: #590200; font-size: 20px;\">\u00c9glise de Saint-Amand-Magnazeix (87)<\/span><br style=\"color: #590200; font-size: 20px;\" \/><span style=\"color: #590200; font-size: 20px;\">Ravalement int\u00e9rieur de l&rsquo;ensemble de l&rsquo;\u00e9glise comprenant dessalement des murs \u00e0 l&rsquo;argile bentonite, traitement anticryptogamique, nettoyage des pierres de taille, r\u00e9fection des enduits au mortier de chaux a\u00e9rienne, badigeon.<\/span><\/p>\t\t\t\t\t\t\t\t<\/div>\n\t\t\t\t<\/div>\n\t\t\t\t\t<\/div>\n\t\t<\/div>\n\t\t\t\t\t<\/div>\n\t\t<\/section>\n\t\t\t\t<section class=\"elementor-section elementor-top-section elementor-element elementor-element-c5e97a6 elementor-section-boxed elementor-section-height-default elementor-section-height-default\" data-id=\"c5e97a6\" data-element_type=\"section\" data-e-type=\"section\">\n\t\t\t\t\t\t<div class=\"elementor-container elementor-column-gap-default\">\n\t\t\t\t\t<div class=\"elementor-column elementor-col-50 elementor-top-column elementor-element elementor-element-540a857\" data-id=\"540a857\" data-element_type=\"column\" data-e-type=\"column\">\n\t\t\t<div class=\"elementor-widget-wrap elementor-element-populated\">\n\t\t\t\t\t\t<div class=\"elementor-element elementor-element-001a1ca elementor-widget__width-initial animated-slow elementor-invisible elementor-widget elementor-widget-image\" data-id=\"001a1ca\" data-element_type=\"widget\" data-e-type=\"widget\" data-settings=\"{&quot;_animation&quot;:&quot;rotateInDownLeft&quot;}\" data-widget_type=\"image.default\">\n\t\t\t\t<div class=\"elementor-widget-container\">\n\t\t\t\t\t\t\t\t\t\t\t\t<figure class=\"wp-caption\">\n\t\t\t\t\t\t\t\t\t\t<img fetchpriority=\"high\" decoding=\"async\" width=\"470\" height=\"355\" src=\"https:\/\/arsatis.fr\/wp-content\/uploads\/2023\/05\/Image1-1.jpg\" class=\"attachment-large size-large wp-image-852\" alt=\"\" srcset=\"https:\/\/arsatis.fr\/wp-content\/uploads\/2023\/05\/Image1-1.jpg 470w, https:\/\/arsatis.fr\/wp-content\/uploads\/2023\/05\/Image1-1-300x227.jpg 300w\" sizes=\"100vw\" \/>\t\t\t\t\t\t\t\t\t\t\t<figcaption class=\"widget-image-caption wp-caption-text\">AVANT<\/figcaption>\n\t\t\t\t\t\t\t\t\t\t<\/figure>\n\t\t\t\t\t\t\t\t\t<\/div>\n\t\t\t\t<\/div>\n\t\t\t\t\t<\/div>\n\t\t<\/div>\n\t\t\t\t<div class=\"elementor-column elementor-col-50 elementor-top-column elementor-element elementor-element-6298187\" data-id=\"6298187\" data-element_type=\"column\" data-e-type=\"column\">\n\t\t\t<div class=\"elementor-widget-wrap elementor-element-populated\">\n\t\t\t\t\t\t<div class=\"elementor-element elementor-element-ff51987 animated-slow elementor-invisible elementor-widget elementor-widget-image\" data-id=\"ff51987\" data-element_type=\"widget\" data-e-type=\"widget\" data-settings=\"{&quot;_animation&quot;:&quot;rotateInDownRight&quot;}\" data-widget_type=\"image.default\">\n\t\t\t\t<div class=\"elementor-widget-container\">\n\t\t\t\t\t\t\t\t\t\t\t\t<figure class=\"wp-caption\">\n\t\t\t\t\t\t\t\t\t\t<img decoding=\"async\" width=\"816\" height=\"614\" src=\"https:\/\/arsatis.fr\/wp-content\/uploads\/2023\/05\/Image2-1.jpg\" class=\"attachment-large size-large wp-image-853\" alt=\"\" srcset=\"https:\/\/arsatis.fr\/wp-content\/uploads\/2023\/05\/Image2-1.jpg 816w, https:\/\/arsatis.fr\/wp-content\/uploads\/2023\/05\/Image2-1-300x226.jpg 300w, https:\/\/arsatis.fr\/wp-content\/uploads\/2023\/05\/Image2-1-768x578.jpg 768w\" sizes=\"100vw\" \/>\t\t\t\t\t\t\t\t\t\t\t<figcaption class=\"widget-image-caption wp-caption-text\">APR\u00c8S<\/figcaption>\n\t\t\t\t\t\t\t\t\t\t<\/figure>\n\t\t\t\t\t\t\t\t\t<\/div>\n\t\t\t\t<\/div>\n\t\t\t\t\t<\/div>\n\t\t<\/div>\n\t\t\t\t\t<\/div>\n\t\t<\/section>\n\t\t\t\t<\/div>\n\t\t","protected":false},"excerpt":{"rendered":"<p>Les enduits \u00e0 la chaux sont perm\u00e9ables \u00e0 la vapeur et permettent ainsi de laisser respirer les murs. Ils sont donc id\u00e9als sur murs anciens, en pierre par exemple, pour garantir la p\u00e9rennit\u00e9 du support et pr\u00e9server l&rsquo;air int\u00e9rieur. Les enduits \u00e0 la chaux sont bact\u00e9ricides et fongicides : en plus de ses vertus respirantes, &hellip; <\/p>\n<p class=\"link-more\"><a href=\"https:\/\/arsatis.fr\/?page_id=3018\" class=\"more-link\">Lire la suite de<span class=\"screen-reader-text\">\u00ab\u00a0Enduits int\u00e9rieurs \u00e0 la chaux\u00a0\u00bb<\/span><\/a><\/p>\n","protected":false},"author":1,"featured_media":0,"parent":0,"menu_order":0,"comment_status":"closed","ping_status":"closed","template":"","meta":{"footnotes":""},"class_list":["post-3018","page","type-page","status-publish","hentry"],"_links":{"self":[{"href":"https:\/\/arsatis.fr\/index.php?rest_route=\/wp\/v2\/pages\/3018","targetHints":{"allow":["GET"]}}],"collection":[{"href":"https:\/\/arsatis.fr\/index.php?rest_route=\/wp\/v2\/pages"}],"about":[{"href":"https:\/\/arsatis.fr\/index.php?rest_route=\/wp\/v2\/types\/page"}],"author":[{"embeddable":true,"href":"https:\/\/arsatis.fr\/index.php?rest_route=\/wp\/v2\/users\/1"}],"replies":[{"embeddable":true,"href":"https:\/\/arsatis.fr\/index.php?rest_route=%2Fwp%2Fv2%2Fcomments&post=3018"}],"version-history":[{"count":4,"href":"https:\/\/arsatis.fr\/index.php?rest_route=\/wp\/v2\/pages\/3018\/revisions"}],"predecessor-version":[{"id":3023,"href":"https:\/\/arsatis.fr\/index.php?rest_route=\/wp\/v2\/pages\/3018\/revisions\/3023"}],"wp:attachment":[{"href":"https:\/\/arsatis.fr\/index.php?rest_route=%2Fwp%2Fv2%2Fmedia&parent=3018"}],"curies":[{"name":"wp","href":"https:\/\/api.w.org\/{rel}","templated":true}]}}