{"id":23,"date":"2023-04-24T07:50:36","date_gmt":"2023-04-24T07:50:36","guid":{"rendered":"https:\/\/arsatis.fr\/?page_id=23"},"modified":"2023-06-07T12:24:51","modified_gmt":"2023-06-07T12:24:51","slug":"about","status":"publish","type":"page","link":"https:\/\/arsatis.fr\/?page_id=23","title":{"rendered":"Notre \u00e9quipe"},"content":{"rendered":"\t\t<div data-elementor-type=\"wp-page\" data-elementor-id=\"23\" class=\"elementor elementor-23\">\n\t\t\t\t\t\t<section class=\"elementor-section elementor-top-section elementor-element elementor-element-52dc52c5 elementor-section-boxed elementor-section-height-default elementor-section-height-default\" data-id=\"52dc52c5\" data-element_type=\"section\" data-e-type=\"section\">\n\t\t\t\t\t\t<div class=\"elementor-container elementor-column-gap-default\">\n\t\t\t\t\t<div class=\"elementor-column elementor-col-100 elementor-top-column elementor-element elementor-element-5cfa3c7f\" data-id=\"5cfa3c7f\" data-element_type=\"column\" data-e-type=\"column\">\n\t\t\t<div class=\"elementor-widget-wrap elementor-element-populated\">\n\t\t\t\t\t\t<div class=\"elementor-element elementor-element-5f7cae68 elementor-widget elementor-widget-text-editor\" data-id=\"5f7cae68\" data-element_type=\"widget\" data-e-type=\"widget\" data-widget_type=\"text-editor.default\">\n\t\t\t\t<div class=\"elementor-widget-container\">\n\t\t\t\t\t\t\t\t\t<p><\/p>\n<p><input type=\"button\" value=\"Back\" class=\"alg_back_button_input \" style=\"\" onclick=\"window.history.back()\" \/><\/p>\n<p>\n<\/p>\n<p class=\"has-text-color has-medium-font-size\" style=\"color: #590200;\"><strong>Cr\u00e9\u00e9e en 2006, la soci\u00e9t\u00e9 ARSATIS est install\u00e9e \u00e0 FEYTIAT, au c\u0153ur de la Haute-Vienne. <br \/>Entreprise sp\u00e9cialis\u00e9e dans la ma\u00e7onnerie traditionnelle et la taille de pierre, c&rsquo;est gr\u00e2ce au savoir-faire de ses ma\u00e7ons tailleur de pierre qu&rsquo;elle se voit confi\u00e9e des chantiers prestigieux comme l&rsquo;entretien et la r\u00e9paration des ma\u00e7onneries du Village Martyr d&rsquo;Oradour-sur-Glane ou de la Chapelle du Mont-Gargan.<\/strong><\/p>\n<p><\/p>\n<div class=\"wp-block-columns alignwide is-layout-flex wp-container-core-columns-is-layout-28f84493 wp-block-columns-is-layout-flex\">\n<p><\/p>\n<div class=\"wp-block-column is-layout-flow wp-block-column-is-layout-flow\">\n<p><\/p>\n<figure class=\"wp-block-image size-full is-style-rounded\"><img fetchpriority=\"high\" decoding=\"async\" width=\"1000\" height=\"667\" class=\"wp-image-1385\" src=\"https:\/\/arsatis.fr\/wp-content\/uploads\/2023\/05\/@-8522.jpg\" alt=\"\" srcset=\"https:\/\/arsatis.fr\/wp-content\/uploads\/2023\/05\/@-8522.jpg 1000w, https:\/\/arsatis.fr\/wp-content\/uploads\/2023\/05\/@-8522-300x200.jpg 300w, https:\/\/arsatis.fr\/wp-content\/uploads\/2023\/05\/@-8522-768x512.jpg 768w\" sizes=\"(max-width: 1000px) 100vw, 1000px\" \/><\/figure>\n<p><\/p>\n<p class=\"has-text-align-center has-black-color has-text-color has-medium-font-size\"><strong>Une \u00e9quipe de choc <\/strong><\/p>\n<p><\/p>\n<p class=\"has-text-color has-medium-font-size\" style=\"color: #590200;\"><strong>Un seul mot d&rsquo;ordre pour les salari\u00e9s d&rsquo;ARSATIS : La Passion. <br \/>Revalorisation, r\u00e9novation et protection du patrimoine limousin constituent les missions principales de nos ma\u00e7ons &#8211; tailleur de pierre. <\/strong><\/p>\n<p><\/p>\n<\/div>\n<p><\/p>\n<div class=\"wp-block-column is-layout-flow wp-block-column-is-layout-flow\">\n<p><\/p>\n<figure class=\"wp-block-image size-full is-style-rounded\"><img decoding=\"async\" width=\"1000\" height=\"667\" class=\"wp-image-1387\" src=\"https:\/\/arsatis.fr\/wp-content\/uploads\/2023\/05\/@-8526.jpg\" alt=\"\" srcset=\"https:\/\/arsatis.fr\/wp-content\/uploads\/2023\/05\/@-8526.jpg 1000w, https:\/\/arsatis.fr\/wp-content\/uploads\/2023\/05\/@-8526-300x200.jpg 300w, https:\/\/arsatis.fr\/wp-content\/uploads\/2023\/05\/@-8526-768x512.jpg 768w\" sizes=\"(max-width: 1000px) 100vw, 1000px\" \/><\/figure>\n<p><\/p>\n<p class=\"has-text-align-center has-black-color has-text-color has-medium-font-size\"><strong>Nos services <\/strong><\/p>\n<p><\/p>\n<p class=\"has-text-color has-medium-font-size\" style=\"color: #590200;\"><strong>Taille de pierres, ma\u00e7onnerie traditionnelle, ravalement de fa\u00e7ade, cristallisation, r\u00e9habilitation, reconstruction, restauration ou encore cr\u00e9ation, l&rsquo;\u00e9quipe d&rsquo;ARSATIS sait s&rsquo;adapter \u00e0 tous types de travaux.<\/strong><\/p>\n<p><\/p>\n<\/div>\n<p><\/p>\n<div class=\"wp-block-column is-layout-flow wp-block-column-is-layout-flow\">\n<p><\/p>\n<figure class=\"wp-block-image size-full is-style-rounded\"><img decoding=\"async\" width=\"1000\" height=\"667\" class=\"wp-image-1388\" src=\"https:\/\/arsatis.fr\/wp-content\/uploads\/2023\/05\/@-8534.jpg\" alt=\"\" srcset=\"https:\/\/arsatis.fr\/wp-content\/uploads\/2023\/05\/@-8534.jpg 1000w, https:\/\/arsatis.fr\/wp-content\/uploads\/2023\/05\/@-8534-300x200.jpg 300w, https:\/\/arsatis.fr\/wp-content\/uploads\/2023\/05\/@-8534-768x512.jpg 768w\" sizes=\"(max-width: 1000px) 100vw, 1000px\" \/><\/figure>\n<p><\/p>\n<p class=\"has-text-align-center has-black-color has-text-color has-medium-font-size\"><strong>Rejoins-nous<\/strong><\/p>\n<p><\/p>\n<p class=\"has-text-color has-medium-font-size\" style=\"color: #590200;\"><strong>Si la ma\u00e7onnerie est une passion et que l&rsquo;esprit d&rsquo;\u00e9quipe te parle, alors laisse nous ton CV ainsi que ta lettre de motivation \u00e0 l&rsquo;adresse mail : contact@arsatis.fr<\/strong> <br \/><strong>ARSATIS a besoin de quelques bras en plus dans sa team! <\/strong><\/p>\n<p><\/p>\n<\/div>\n<p><\/p>\n<\/div>\n<p><\/p>\n<div class=\"wp-block-spacer\" style=\"height: 100px;\" aria-hidden=\"true\">\u00a0<\/div>\n<p><\/p>\n<div class=\"wp-block-cover alignfull is-light\" style=\"min-height: 772px; padding: 50px;aspect-ratio:unset;\">\n<p><img loading=\"lazy\" decoding=\"async\" width=\"2560\" height=\"1280\" class=\"wp-block-cover__image-background wp-image-173\" style=\"object-position: 52% 51%;\" src=\"https:\/\/arsatis.fr\/wp-content\/uploads\/2023\/04\/Flowers-3-scaled.jpg\" alt=\"\" data-object-fit=\"cover\" data-object-position=\"52% 51%\" srcset=\"https:\/\/arsatis.fr\/wp-content\/uploads\/2023\/04\/Flowers-3-scaled.jpg 2560w, https:\/\/arsatis.fr\/wp-content\/uploads\/2023\/04\/Flowers-3-300x150.jpg 300w, https:\/\/arsatis.fr\/wp-content\/uploads\/2023\/04\/Flowers-3-1024x512.jpg 1024w, https:\/\/arsatis.fr\/wp-content\/uploads\/2023\/04\/Flowers-3-768x384.jpg 768w, https:\/\/arsatis.fr\/wp-content\/uploads\/2023\/04\/Flowers-3-1536x768.jpg 1536w, https:\/\/arsatis.fr\/wp-content\/uploads\/2023\/04\/Flowers-3-2048x1024.jpg 2048w, https:\/\/arsatis.fr\/wp-content\/uploads\/2023\/04\/Flowers-3-2000x1000.jpg 2000w\" sizes=\"(max-width: 2560px) 100vw, 2560px\" \/><\/p>\n<div class=\"wp-block-cover__inner-container is-layout-flow wp-block-cover-is-layout-flow\">\n<p><\/p>\n<p><\/p>\n<\/div>\n<\/div>\n<p><\/p>\t\t\t\t\t\t\t\t<\/div>\n\t\t\t\t<\/div>\n\t\t\t\t\t<\/div>\n\t\t<\/div>\n\t\t\t\t\t<\/div>\n\t\t<\/section>\n\t\t\t\t<\/div>\n\t\t","protected":false},"excerpt":{"rendered":"<p>Cr\u00e9\u00e9e en 2006, la soci\u00e9t\u00e9 ARSATIS est install\u00e9e \u00e0 FEYTIAT, au c\u0153ur de la Haute-Vienne. Entreprise sp\u00e9cialis\u00e9e dans la ma\u00e7onnerie traditionnelle et la taille de pierre, c&rsquo;est gr\u00e2ce au savoir-faire de ses ma\u00e7ons tailleur de pierre qu&rsquo;elle se voit confi\u00e9e des chantiers prestigieux comme l&rsquo;entretien et la r\u00e9paration des ma\u00e7onneries du Village Martyr d&rsquo;Oradour-sur-Glane ou &hellip; <\/p>\n<p class=\"link-more\"><a href=\"https:\/\/arsatis.fr\/?page_id=23\" class=\"more-link\">Lire la suite de<span class=\"screen-reader-text\">\u00ab\u00a0Notre \u00e9quipe\u00a0\u00bb<\/span><\/a><\/p>\n","protected":false},"author":1,"featured_media":173,"parent":0,"menu_order":0,"comment_status":"closed","ping_status":"closed","template":"","meta":{"footnotes":""},"class_list":["post-23","page","type-page","status-publish","has-post-thumbnail","hentry"],"_links":{"self":[{"href":"https:\/\/arsatis.fr\/index.php?rest_route=\/wp\/v2\/pages\/23","targetHints":{"allow":["GET"]}}],"collection":[{"href":"https:\/\/arsatis.fr\/index.php?rest_route=\/wp\/v2\/pages"}],"about":[{"href":"https:\/\/arsatis.fr\/index.php?rest_route=\/wp\/v2\/types\/page"}],"author":[{"embeddable":true,"href":"https:\/\/arsatis.fr\/index.php?rest_route=\/wp\/v2\/users\/1"}],"replies":[{"embeddable":true,"href":"https:\/\/arsatis.fr\/index.php?rest_route=%2Fwp%2Fv2%2Fcomments&post=23"}],"version-history":[{"count":29,"href":"https:\/\/arsatis.fr\/index.php?rest_route=\/wp\/v2\/pages\/23\/revisions"}],"predecessor-version":[{"id":4179,"href":"https:\/\/arsatis.fr\/index.php?rest_route=\/wp\/v2\/pages\/23\/revisions\/4179"}],"wp:featuredmedia":[{"embeddable":true,"href":"https:\/\/arsatis.fr\/index.php?rest_route=\/wp\/v2\/media\/173"}],"wp:attachment":[{"href":"https:\/\/arsatis.fr\/index.php?rest_route=%2Fwp%2Fv2%2Fmedia&parent=23"}],"curies":[{"name":"wp","href":"https:\/\/api.w.org\/{rel}","templated":true}]}}