{"id":1707,"date":"2023-05-15T13:07:56","date_gmt":"2023-05-15T13:07:56","guid":{"rendered":"https:\/\/arsatis.fr\/?page_id=1707"},"modified":"2023-06-07T10:04:00","modified_gmt":"2023-06-07T10:04:00","slug":"reference-82","status":"publish","type":"page","link":"https:\/\/arsatis.fr\/?page_id=1707","title":{"rendered":"R\u00e9f\u00e9rence 82"},"content":{"rendered":"\t\t<div data-elementor-type=\"wp-page\" data-elementor-id=\"1707\" class=\"elementor elementor-1707\">\n\t\t\t\t\t\t<section class=\"elementor-section elementor-top-section elementor-element elementor-element-8f29144 elementor-section-boxed elementor-section-height-default elementor-section-height-default\" data-id=\"8f29144\" data-element_type=\"section\" data-e-type=\"section\">\n\t\t\t\t\t\t<div class=\"elementor-container elementor-column-gap-default\">\n\t\t\t\t\t<div class=\"elementor-column elementor-col-100 elementor-top-column elementor-element elementor-element-5130c72\" data-id=\"5130c72\" data-element_type=\"column\" data-e-type=\"column\">\n\t\t\t<div class=\"elementor-widget-wrap elementor-element-populated\">\n\t\t\t\t\t\t<div class=\"elementor-element elementor-element-9ed950e elementor-widget elementor-widget-shortcode\" data-id=\"9ed950e\" data-element_type=\"widget\" data-e-type=\"widget\" data-widget_type=\"shortcode.default\">\n\t\t\t\t<div class=\"elementor-widget-container\">\n\t\t\t\t\t\t\t<div class=\"elementor-shortcode\"><input type=\"button\" value=\"Back\" class=\"alg_back_button_input \" style=\"\" onclick=\"window.history.back()\" \/>   <\/div>\n\t\t\t\t\t\t<\/div>\n\t\t\t\t<\/div>\n\t\t\t\t\t<\/div>\n\t\t<\/div>\n\t\t\t\t\t<\/div>\n\t\t<\/section>\n\t\t\t\t<section class=\"elementor-section elementor-top-section elementor-element elementor-element-d789fad elementor-section-boxed elementor-section-height-default elementor-section-height-default\" data-id=\"d789fad\" data-element_type=\"section\" data-e-type=\"section\">\n\t\t\t\t\t\t<div class=\"elementor-container elementor-column-gap-default\">\n\t\t\t\t\t<div class=\"elementor-column elementor-col-100 elementor-top-column elementor-element elementor-element-d22afa6\" data-id=\"d22afa6\" data-element_type=\"column\" data-e-type=\"column\">\n\t\t\t<div class=\"elementor-widget-wrap elementor-element-populated\">\n\t\t\t\t\t\t<div class=\"elementor-element elementor-element-c007e40 elementor-widget elementor-widget-heading\" data-id=\"c007e40\" data-element_type=\"widget\" data-e-type=\"widget\" data-widget_type=\"heading.default\">\n\t\t\t\t<div class=\"elementor-widget-container\">\n\t\t\t\t\t<h2 class=\"elementor-heading-title elementor-size-default\">H\u00f4tel des 3 Anges (ISMH) \u00e0 PIERRE-BUFFIERE (87)\n<\/h2>\t\t\t\t<\/div>\n\t\t\t\t<\/div>\n\t\t\t\t\t<\/div>\n\t\t<\/div>\n\t\t\t\t\t<\/div>\n\t\t<\/section>\n\t\t\t\t<section class=\"elementor-section elementor-top-section elementor-element elementor-element-59a5cd3 elementor-section-boxed elementor-section-height-default elementor-section-height-default\" data-id=\"59a5cd3\" data-element_type=\"section\" data-e-type=\"section\">\n\t\t\t\t\t\t<div class=\"elementor-container elementor-column-gap-default\">\n\t\t\t\t\t<div class=\"elementor-column elementor-col-100 elementor-top-column elementor-element elementor-element-779c4bd\" data-id=\"779c4bd\" data-element_type=\"column\" data-e-type=\"column\">\n\t\t\t<div class=\"elementor-widget-wrap elementor-element-populated\">\n\t\t\t\t\t\t<div class=\"elementor-element elementor-element-463f57b elementor-widget elementor-widget-text-editor\" data-id=\"463f57b\" data-element_type=\"widget\" data-e-type=\"widget\" data-widget_type=\"text-editor.default\">\n\t\t\t\t<div class=\"elementor-widget-container\">\n\t\t\t\t\t\t\t\t\t<p>Reprise mur de cl\u00f4ture<\/p>\t\t\t\t\t\t\t\t<\/div>\n\t\t\t\t<\/div>\n\t\t\t\t\t<\/div>\n\t\t<\/div>\n\t\t\t\t\t<\/div>\n\t\t<\/section>\n\t\t\t\t<section class=\"elementor-section elementor-top-section elementor-element elementor-element-7703371 elementor-section-boxed elementor-section-height-default elementor-section-height-default\" data-id=\"7703371\" data-element_type=\"section\" data-e-type=\"section\">\n\t\t\t\t\t\t<div class=\"elementor-container elementor-column-gap-default\">\n\t\t\t\t\t<div class=\"elementor-column elementor-col-100 elementor-top-column elementor-element elementor-element-ff45cd9\" data-id=\"ff45cd9\" data-element_type=\"column\" data-e-type=\"column\">\n\t\t\t<div class=\"elementor-widget-wrap elementor-element-populated\">\n\t\t\t\t\t\t<div class=\"elementor-element elementor-element-1529caa elementor-widget elementor-widget-text-editor\" data-id=\"1529caa\" data-element_type=\"widget\" data-e-type=\"widget\" data-widget_type=\"text-editor.default\">\n\t\t\t\t<div class=\"elementor-widget-container\">\n\t\t\t\t\t\t\t\t\t<p>Comprenant d\u00e9v\u00e9g\u00e9talisation, extraction de souche, ma\u00e7onnerie en pierres s\u00e8ches <br \/>et couronnement en pierres de Saint-Yrieix pose en \u00ab\u00a0opus incertum\u00a0\u00bb<\/p>\t\t\t\t\t\t\t\t<\/div>\n\t\t\t\t<\/div>\n\t\t\t\t\t<\/div>\n\t\t<\/div>\n\t\t\t\t\t<\/div>\n\t\t<\/section>\n\t\t\t\t<section class=\"elementor-section elementor-top-section elementor-element elementor-element-fb3d982 elementor-section-boxed elementor-section-height-default elementor-section-height-default\" data-id=\"fb3d982\" data-element_type=\"section\" data-e-type=\"section\">\n\t\t\t\t\t\t<div class=\"elementor-container elementor-column-gap-default\">\n\t\t\t\t\t<div class=\"elementor-column elementor-col-50 elementor-top-column elementor-element elementor-element-936e54f\" data-id=\"936e54f\" data-element_type=\"column\" data-e-type=\"column\">\n\t\t\t<div class=\"elementor-widget-wrap elementor-element-populated\">\n\t\t\t\t\t\t<div class=\"elementor-element elementor-element-3ab1928 elementor-widget elementor-widget-image\" data-id=\"3ab1928\" data-element_type=\"widget\" data-e-type=\"widget\" data-widget_type=\"image.default\">\n\t\t\t\t<div class=\"elementor-widget-container\">\n\t\t\t\t\t\t\t\t\t\t\t\t<figure class=\"wp-caption\">\n\t\t\t\t\t\t\t\t\t\t<img fetchpriority=\"high\" decoding=\"async\" width=\"664\" height=\"500\" src=\"https:\/\/arsatis.fr\/wp-content\/uploads\/2023\/05\/Image162.jpg\" class=\"attachment-large size-large wp-image-1709\" alt=\"\" srcset=\"https:\/\/arsatis.fr\/wp-content\/uploads\/2023\/05\/Image162.jpg 664w, https:\/\/arsatis.fr\/wp-content\/uploads\/2023\/05\/Image162-300x226.jpg 300w\" sizes=\"100vw\" \/>\t\t\t\t\t\t\t\t\t\t\t<figcaption class=\"widget-image-caption wp-caption-text\">AVANT<\/figcaption>\n\t\t\t\t\t\t\t\t\t\t<\/figure>\n\t\t\t\t\t\t\t\t\t<\/div>\n\t\t\t\t<\/div>\n\t\t\t\t\t<\/div>\n\t\t<\/div>\n\t\t\t\t<div class=\"elementor-column elementor-col-50 elementor-top-column elementor-element elementor-element-8275c06\" data-id=\"8275c06\" data-element_type=\"column\" data-e-type=\"column\">\n\t\t\t<div class=\"elementor-widget-wrap elementor-element-populated\">\n\t\t\t\t\t\t<div class=\"elementor-element elementor-element-0a665b0 elementor-widget elementor-widget-image\" data-id=\"0a665b0\" data-element_type=\"widget\" data-e-type=\"widget\" data-widget_type=\"image.default\">\n\t\t\t\t<div class=\"elementor-widget-container\">\n\t\t\t\t\t\t\t\t\t\t\t\t<figure class=\"wp-caption\">\n\t\t\t\t\t\t\t\t\t\t<img decoding=\"async\" width=\"571\" height=\"429\" src=\"https:\/\/arsatis.fr\/wp-content\/uploads\/2023\/05\/Image163.jpg\" class=\"attachment-large size-large wp-image-1710\" alt=\"\" srcset=\"https:\/\/arsatis.fr\/wp-content\/uploads\/2023\/05\/Image163.jpg 571w, https:\/\/arsatis.fr\/wp-content\/uploads\/2023\/05\/Image163-300x225.jpg 300w\" sizes=\"100vw\" \/>\t\t\t\t\t\t\t\t\t\t\t<figcaption class=\"widget-image-caption wp-caption-text\">APR\u00c8S<\/figcaption>\n\t\t\t\t\t\t\t\t\t\t<\/figure>\n\t\t\t\t\t\t\t\t\t<\/div>\n\t\t\t\t<\/div>\n\t\t\t\t\t<\/div>\n\t\t<\/div>\n\t\t\t\t\t<\/div>\n\t\t<\/section>\n\t\t\t\t<\/div>\n\t\t","protected":false},"excerpt":{"rendered":"<p>H\u00f4tel des 3 Anges (ISMH) \u00e0 PIERRE-BUFFIERE (87) Reprise mur de cl\u00f4ture Comprenant d\u00e9v\u00e9g\u00e9talisation, extraction de souche, ma\u00e7onnerie en pierres s\u00e8ches et couronnement en pierres de Saint-Yrieix pose en \u00ab\u00a0opus incertum\u00a0\u00bb AVANT APR\u00c8S<\/p>\n","protected":false},"author":1,"featured_media":0,"parent":0,"menu_order":0,"comment_status":"closed","ping_status":"closed","template":"","meta":{"footnotes":""},"class_list":["post-1707","page","type-page","status-publish","hentry"],"_links":{"self":[{"href":"https:\/\/arsatis.fr\/index.php?rest_route=\/wp\/v2\/pages\/1707","targetHints":{"allow":["GET"]}}],"collection":[{"href":"https:\/\/arsatis.fr\/index.php?rest_route=\/wp\/v2\/pages"}],"about":[{"href":"https:\/\/arsatis.fr\/index.php?rest_route=\/wp\/v2\/types\/page"}],"author":[{"embeddable":true,"href":"https:\/\/arsatis.fr\/index.php?rest_route=\/wp\/v2\/users\/1"}],"replies":[{"embeddable":true,"href":"https:\/\/arsatis.fr\/index.php?rest_route=%2Fwp%2Fv2%2Fcomments&post=1707"}],"version-history":[{"count":16,"href":"https:\/\/arsatis.fr\/index.php?rest_route=\/wp\/v2\/pages\/1707\/revisions"}],"predecessor-version":[{"id":4143,"href":"https:\/\/arsatis.fr\/index.php?rest_route=\/wp\/v2\/pages\/1707\/revisions\/4143"}],"wp:attachment":[{"href":"https:\/\/arsatis.fr\/index.php?rest_route=%2Fwp%2Fv2%2Fmedia&parent=1707"}],"curies":[{"name":"wp","href":"https:\/\/api.w.org\/{rel}","templated":true}]}}