{"id":1418,"date":"2023-05-15T08:08:44","date_gmt":"2023-05-15T08:08:44","guid":{"rendered":"https:\/\/arsatis.fr\/?page_id=1418"},"modified":"2023-05-31T09:58:53","modified_gmt":"2023-05-31T09:58:53","slug":"reference-42","status":"publish","type":"page","link":"https:\/\/arsatis.fr\/?page_id=1418","title":{"rendered":"R\u00e9f\u00e9rence 42"},"content":{"rendered":"\t\t<div data-elementor-type=\"wp-page\" data-elementor-id=\"1418\" class=\"elementor elementor-1418\">\n\t\t\t\t\t\t<section class=\"elementor-section elementor-top-section elementor-element elementor-element-9e498d0 elementor-section-boxed elementor-section-height-default elementor-section-height-default\" data-id=\"9e498d0\" data-element_type=\"section\" data-e-type=\"section\">\n\t\t\t\t\t\t<div class=\"elementor-container elementor-column-gap-default\">\n\t\t\t\t\t<div class=\"elementor-column elementor-col-100 elementor-top-column elementor-element elementor-element-565302a\" data-id=\"565302a\" data-element_type=\"column\" data-e-type=\"column\">\n\t\t\t<div class=\"elementor-widget-wrap elementor-element-populated\">\n\t\t\t\t\t\t<div class=\"elementor-element elementor-element-22cf521 elementor-widget elementor-widget-shortcode\" data-id=\"22cf521\" data-element_type=\"widget\" data-e-type=\"widget\" data-widget_type=\"shortcode.default\">\n\t\t\t\t<div class=\"elementor-widget-container\">\n\t\t\t\t\t\t\t<div class=\"elementor-shortcode\"><input type=\"button\" value=\"Back\" class=\"alg_back_button_input \" style=\"\" onclick=\"window.history.back()\" \/><\/div>\n\t\t\t\t\t\t<\/div>\n\t\t\t\t<\/div>\n\t\t\t\t\t<\/div>\n\t\t<\/div>\n\t\t\t\t\t<\/div>\n\t\t<\/section>\n\t\t\t\t<section class=\"elementor-section elementor-top-section elementor-element elementor-element-e1e4c97 elementor-section-boxed elementor-section-height-default elementor-section-height-default\" data-id=\"e1e4c97\" data-element_type=\"section\" data-e-type=\"section\">\n\t\t\t\t\t\t<div class=\"elementor-container elementor-column-gap-default\">\n\t\t\t\t\t<div class=\"elementor-column elementor-col-100 elementor-top-column elementor-element elementor-element-d0b48ad\" data-id=\"d0b48ad\" data-element_type=\"column\" data-e-type=\"column\">\n\t\t\t<div class=\"elementor-widget-wrap elementor-element-populated\">\n\t\t\t\t\t\t<div class=\"elementor-element elementor-element-3bd8ecc elementor-widget elementor-widget-heading\" data-id=\"3bd8ecc\" data-element_type=\"widget\" data-e-type=\"widget\" data-widget_type=\"heading.default\">\n\t\t\t\t<div class=\"elementor-widget-container\">\n\t\t\t\t\t<h2 class=\"elementor-heading-title elementor-size-default\">Eglise Saint-Pierre \u00e0 LA-CROISILLE-SUR-BRIANCE (87)\n<\/h2>\t\t\t\t<\/div>\n\t\t\t\t<\/div>\n\t\t\t\t\t<\/div>\n\t\t<\/div>\n\t\t\t\t\t<\/div>\n\t\t<\/section>\n\t\t\t\t<section class=\"elementor-section elementor-top-section elementor-element elementor-element-a7fe96d elementor-section-boxed elementor-section-height-default elementor-section-height-default\" data-id=\"a7fe96d\" data-element_type=\"section\" data-e-type=\"section\">\n\t\t\t\t\t\t<div class=\"elementor-container elementor-column-gap-default\">\n\t\t\t\t\t<div class=\"elementor-column elementor-col-100 elementor-top-column elementor-element elementor-element-5fbacd8\" data-id=\"5fbacd8\" data-element_type=\"column\" data-e-type=\"column\">\n\t\t\t<div class=\"elementor-widget-wrap elementor-element-populated\">\n\t\t\t\t\t\t<div class=\"elementor-element elementor-element-356041e elementor-widget elementor-widget-text-editor\" data-id=\"356041e\" data-element_type=\"widget\" data-e-type=\"widget\" data-widget_type=\"text-editor.default\">\n\t\t\t\t<div class=\"elementor-widget-container\">\n\t\t\t\t\t\t\t\t\t<p>Ravalement de la fa\u00e7ade Nord<\/p>\t\t\t\t\t\t\t\t<\/div>\n\t\t\t\t<\/div>\n\t\t\t\t\t<\/div>\n\t\t<\/div>\n\t\t\t\t\t<\/div>\n\t\t<\/section>\n\t\t\t\t<section class=\"elementor-section elementor-top-section elementor-element elementor-element-7d5b36b elementor-section-boxed elementor-section-height-default elementor-section-height-default\" data-id=\"7d5b36b\" data-element_type=\"section\" data-e-type=\"section\">\n\t\t\t\t\t\t<div class=\"elementor-container elementor-column-gap-default\">\n\t\t\t\t\t<div class=\"elementor-column elementor-col-100 elementor-top-column elementor-element elementor-element-70391e7\" data-id=\"70391e7\" data-element_type=\"column\" data-e-type=\"column\">\n\t\t\t<div class=\"elementor-widget-wrap elementor-element-populated\">\n\t\t\t\t\t\t<div class=\"elementor-element elementor-element-289c01f elementor-widget elementor-widget-text-editor\" data-id=\"289c01f\" data-element_type=\"widget\" data-e-type=\"widget\" data-widget_type=\"text-editor.default\">\n\t\t\t\t<div class=\"elementor-widget-container\">\n\t\t\t\t\t\t\t\t\t<p>Comprenant piochement des enduits, nettoyage des pierres, <br \/>enduit \u00e0 pierre vue au mortier de chaux teint\u00e9 dans la masse<\/p>\t\t\t\t\t\t\t\t<\/div>\n\t\t\t\t<\/div>\n\t\t\t\t\t<\/div>\n\t\t<\/div>\n\t\t\t\t\t<\/div>\n\t\t<\/section>\n\t\t\t\t<section class=\"elementor-section elementor-top-section elementor-element elementor-element-21757a9 elementor-section-boxed elementor-section-height-default elementor-section-height-default\" data-id=\"21757a9\" data-element_type=\"section\" data-e-type=\"section\">\n\t\t\t\t\t\t<div class=\"elementor-container elementor-column-gap-default\">\n\t\t\t\t\t<div class=\"elementor-column elementor-col-50 elementor-top-column elementor-element elementor-element-56e152b\" data-id=\"56e152b\" data-element_type=\"column\" data-e-type=\"column\">\n\t\t\t<div class=\"elementor-widget-wrap elementor-element-populated\">\n\t\t\t\t\t\t<div class=\"elementor-element elementor-element-41cb569 elementor-widget elementor-widget-image\" data-id=\"41cb569\" data-element_type=\"widget\" data-e-type=\"widget\" data-widget_type=\"image.default\">\n\t\t\t\t<div class=\"elementor-widget-container\">\n\t\t\t\t\t\t\t\t\t\t\t\t<figure class=\"wp-caption\">\n\t\t\t\t\t\t\t\t\t\t<img fetchpriority=\"high\" decoding=\"async\" width=\"664\" height=\"499\" src=\"https:\/\/arsatis.fr\/wp-content\/uploads\/2023\/05\/Image84.jpg\" class=\"attachment-large size-large wp-image-1421\" alt=\"\" srcset=\"https:\/\/arsatis.fr\/wp-content\/uploads\/2023\/05\/Image84.jpg 664w, https:\/\/arsatis.fr\/wp-content\/uploads\/2023\/05\/Image84-300x225.jpg 300w\" sizes=\"100vw\" \/>\t\t\t\t\t\t\t\t\t\t\t<figcaption class=\"widget-image-caption wp-caption-text\">AVANT<\/figcaption>\n\t\t\t\t\t\t\t\t\t\t<\/figure>\n\t\t\t\t\t\t\t\t\t<\/div>\n\t\t\t\t<\/div>\n\t\t\t\t\t<\/div>\n\t\t<\/div>\n\t\t\t\t<div class=\"elementor-column elementor-col-50 elementor-top-column elementor-element elementor-element-2fc5c46\" data-id=\"2fc5c46\" data-element_type=\"column\" data-e-type=\"column\">\n\t\t\t<div class=\"elementor-widget-wrap elementor-element-populated\">\n\t\t\t\t\t\t<div class=\"elementor-element elementor-element-453a5c8 elementor-widget elementor-widget-image\" data-id=\"453a5c8\" data-element_type=\"widget\" data-e-type=\"widget\" data-widget_type=\"image.default\">\n\t\t\t\t<div class=\"elementor-widget-container\">\n\t\t\t\t\t\t\t\t\t\t\t\t<figure class=\"wp-caption\">\n\t\t\t\t\t\t\t\t\t\t<img decoding=\"async\" width=\"950\" height=\"713\" src=\"https:\/\/arsatis.fr\/wp-content\/uploads\/2023\/05\/Image85-1024x769.jpg\" class=\"attachment-large size-large wp-image-1422\" alt=\"\" srcset=\"https:\/\/arsatis.fr\/wp-content\/uploads\/2023\/05\/Image85-1024x769.jpg 1024w, https:\/\/arsatis.fr\/wp-content\/uploads\/2023\/05\/Image85-300x225.jpg 300w, https:\/\/arsatis.fr\/wp-content\/uploads\/2023\/05\/Image85-768x577.jpg 768w, https:\/\/arsatis.fr\/wp-content\/uploads\/2023\/05\/Image85.jpg 1312w\" sizes=\"100vw\" \/>\t\t\t\t\t\t\t\t\t\t\t<figcaption class=\"widget-image-caption wp-caption-text\">APR\u00c8S<\/figcaption>\n\t\t\t\t\t\t\t\t\t\t<\/figure>\n\t\t\t\t\t\t\t\t\t<\/div>\n\t\t\t\t<\/div>\n\t\t\t\t\t<\/div>\n\t\t<\/div>\n\t\t\t\t\t<\/div>\n\t\t<\/section>\n\t\t\t\t<\/div>\n\t\t","protected":false},"excerpt":{"rendered":"<p>Eglise Saint-Pierre \u00e0 LA-CROISILLE-SUR-BRIANCE (87) Ravalement de la fa\u00e7ade Nord Comprenant piochement des enduits, nettoyage des pierres, enduit \u00e0 pierre vue au mortier de chaux teint\u00e9 dans la masse AVANT APR\u00c8S<\/p>\n","protected":false},"author":1,"featured_media":0,"parent":0,"menu_order":0,"comment_status":"closed","ping_status":"closed","template":"","meta":{"footnotes":""},"class_list":["post-1418","page","type-page","status-publish","hentry"],"_links":{"self":[{"href":"https:\/\/arsatis.fr\/index.php?rest_route=\/wp\/v2\/pages\/1418","targetHints":{"allow":["GET"]}}],"collection":[{"href":"https:\/\/arsatis.fr\/index.php?rest_route=\/wp\/v2\/pages"}],"about":[{"href":"https:\/\/arsatis.fr\/index.php?rest_route=\/wp\/v2\/types\/page"}],"author":[{"embeddable":true,"href":"https:\/\/arsatis.fr\/index.php?rest_route=\/wp\/v2\/users\/1"}],"replies":[{"embeddable":true,"href":"https:\/\/arsatis.fr\/index.php?rest_route=%2Fwp%2Fv2%2Fcomments&post=1418"}],"version-history":[{"count":16,"href":"https:\/\/arsatis.fr\/index.php?rest_route=\/wp\/v2\/pages\/1418\/revisions"}],"predecessor-version":[{"id":3888,"href":"https:\/\/arsatis.fr\/index.php?rest_route=\/wp\/v2\/pages\/1418\/revisions\/3888"}],"wp:attachment":[{"href":"https:\/\/arsatis.fr\/index.php?rest_route=%2Fwp%2Fv2%2Fmedia&parent=1418"}],"curies":[{"name":"wp","href":"https:\/\/api.w.org\/{rel}","templated":true}]}}