{"id":1408,"date":"2023-05-15T07:53:40","date_gmt":"2023-05-15T07:53:40","guid":{"rendered":"https:\/\/arsatis.fr\/?page_id=1408"},"modified":"2023-05-31T09:51:58","modified_gmt":"2023-05-31T09:51:58","slug":"reference-41","status":"publish","type":"page","link":"https:\/\/arsatis.fr\/?page_id=1408","title":{"rendered":"R\u00e9f\u00e9rence 41"},"content":{"rendered":"\t\t<div data-elementor-type=\"wp-page\" data-elementor-id=\"1408\" class=\"elementor elementor-1408\">\n\t\t\t\t\t\t<section class=\"elementor-section elementor-top-section elementor-element elementor-element-2db6e30 elementor-section-boxed elementor-section-height-default elementor-section-height-default\" data-id=\"2db6e30\" data-element_type=\"section\" data-e-type=\"section\">\n\t\t\t\t\t\t<div class=\"elementor-container elementor-column-gap-default\">\n\t\t\t\t\t<div class=\"elementor-column elementor-col-100 elementor-top-column elementor-element elementor-element-e94e78d\" data-id=\"e94e78d\" data-element_type=\"column\" data-e-type=\"column\">\n\t\t\t<div class=\"elementor-widget-wrap elementor-element-populated\">\n\t\t\t\t\t\t<div class=\"elementor-element elementor-element-9e749d4 elementor-widget elementor-widget-shortcode\" data-id=\"9e749d4\" data-element_type=\"widget\" data-e-type=\"widget\" data-widget_type=\"shortcode.default\">\n\t\t\t\t<div class=\"elementor-widget-container\">\n\t\t\t\t\t\t\t<div class=\"elementor-shortcode\"><input type=\"button\" value=\"Back\" class=\"alg_back_button_input \" style=\"\" onclick=\"window.history.back()\" \/> <\/div>\n\t\t\t\t\t\t<\/div>\n\t\t\t\t<\/div>\n\t\t\t\t\t<\/div>\n\t\t<\/div>\n\t\t\t\t\t<\/div>\n\t\t<\/section>\n\t\t\t\t<section class=\"elementor-section elementor-top-section elementor-element elementor-element-e07cc2b elementor-section-boxed elementor-section-height-default elementor-section-height-default\" data-id=\"e07cc2b\" data-element_type=\"section\" data-e-type=\"section\">\n\t\t\t\t\t\t<div class=\"elementor-container elementor-column-gap-default\">\n\t\t\t\t\t<div class=\"elementor-column elementor-col-100 elementor-top-column elementor-element elementor-element-62ab281\" data-id=\"62ab281\" data-element_type=\"column\" data-e-type=\"column\">\n\t\t\t<div class=\"elementor-widget-wrap elementor-element-populated\">\n\t\t\t\t\t\t<div class=\"elementor-element elementor-element-c7d1e99 elementor-widget elementor-widget-heading\" data-id=\"c7d1e99\" data-element_type=\"widget\" data-e-type=\"widget\" data-widget_type=\"heading.default\">\n\t\t\t\t<div class=\"elementor-widget-container\">\n\t\t\t\t\t<h2 class=\"elementor-heading-title elementor-size-default\">Logis de Fargeas Mirabeau (ISMH) \u00e0 VICQ-SUR-BREUILH (87)<\/h2>\t\t\t\t<\/div>\n\t\t\t\t<\/div>\n\t\t\t\t\t<\/div>\n\t\t<\/div>\n\t\t\t\t\t<\/div>\n\t\t<\/section>\n\t\t\t\t<section class=\"elementor-section elementor-top-section elementor-element elementor-element-b045c7e elementor-section-boxed elementor-section-height-default elementor-section-height-default\" data-id=\"b045c7e\" data-element_type=\"section\" data-e-type=\"section\">\n\t\t\t\t\t\t<div class=\"elementor-container elementor-column-gap-default\">\n\t\t\t\t\t<div class=\"elementor-column elementor-col-100 elementor-top-column elementor-element elementor-element-f8fa0ba\" data-id=\"f8fa0ba\" data-element_type=\"column\" data-e-type=\"column\">\n\t\t\t<div class=\"elementor-widget-wrap elementor-element-populated\">\n\t\t\t\t\t\t<div class=\"elementor-element elementor-element-27d576b elementor-widget elementor-widget-text-editor\" data-id=\"27d576b\" data-element_type=\"widget\" data-e-type=\"widget\" data-widget_type=\"text-editor.default\">\n\t\t\t\t<div class=\"elementor-widget-container\">\n\t\t\t\t\t\t\t\t\t<p>Restauration du clos et du couvert<\/p>\t\t\t\t\t\t\t\t<\/div>\n\t\t\t\t<\/div>\n\t\t\t\t\t<\/div>\n\t\t<\/div>\n\t\t\t\t\t<\/div>\n\t\t<\/section>\n\t\t\t\t<section class=\"elementor-section elementor-top-section elementor-element elementor-element-17deae3 elementor-section-boxed elementor-section-height-default elementor-section-height-default\" data-id=\"17deae3\" data-element_type=\"section\" data-e-type=\"section\">\n\t\t\t\t\t\t<div class=\"elementor-container elementor-column-gap-default\">\n\t\t\t\t\t<div class=\"elementor-column elementor-col-100 elementor-top-column elementor-element elementor-element-f8ec0d9\" data-id=\"f8ec0d9\" data-element_type=\"column\" data-e-type=\"column\">\n\t\t\t<div class=\"elementor-widget-wrap elementor-element-populated\">\n\t\t\t\t\t\t<div class=\"elementor-element elementor-element-ce57726 elementor-widget elementor-widget-text-editor\" data-id=\"ce57726\" data-element_type=\"widget\" data-e-type=\"widget\" data-widget_type=\"text-editor.default\">\n\t\t\t\t<div class=\"elementor-widget-container\">\n\t\t\t\t\t\t\t\t\t<p>Butonnage par HEA d&rsquo;un mur pignon mena\u00e7ant p\u00e9ril, travaux d&rsquo;adduction, assainissement, drainage, r\u00e9seaux sous dallage, consolidation et ravalement d&rsquo;une cave vo\u00fbt\u00e9e, arasement en ma\u00e7onnerie de moellons, r\u00e9paration consolidation et remplacement des \u00e9l\u00e9ments d\u00e9fectueux de l&rsquo;ensemble des ouvertures en pierre de taille du Logis, d\u00e9pose et repose d&rsquo;une chemin\u00e9e en briques mena\u00e7ant p\u00e9ril et reconstruction d&rsquo;une chemin\u00e9e, ravalement de l&rsquo;ensemble des fa\u00e7ades par enduit pierre vue au mortier de chaux teint\u00e9 dans la masse finition d\u00e9sactiv\u00e9e, enduit int\u00e9rieur au mortier de chaux grasse, fourniture et pose de carreaux de terre cuite de r\u00e9cup\u00e9ration<\/p>\t\t\t\t\t\t\t\t<\/div>\n\t\t\t\t<\/div>\n\t\t\t\t\t<\/div>\n\t\t<\/div>\n\t\t\t\t\t<\/div>\n\t\t<\/section>\n\t\t\t\t<section class=\"elementor-section elementor-top-section elementor-element elementor-element-1ca4f8a elementor-section-boxed elementor-section-height-default elementor-section-height-default\" data-id=\"1ca4f8a\" data-element_type=\"section\" data-e-type=\"section\">\n\t\t\t\t\t\t<div class=\"elementor-container elementor-column-gap-default\">\n\t\t\t\t\t<div class=\"elementor-column elementor-col-50 elementor-top-column elementor-element elementor-element-2e8b07f\" data-id=\"2e8b07f\" data-element_type=\"column\" data-e-type=\"column\">\n\t\t\t<div class=\"elementor-widget-wrap elementor-element-populated\">\n\t\t\t\t\t\t<div class=\"elementor-element elementor-element-1dfba70 animated-slow elementor-widget elementor-widget-image\" data-id=\"1dfba70\" data-element_type=\"widget\" data-e-type=\"widget\" data-settings=\"{&quot;_animation&quot;:&quot;none&quot;}\" data-widget_type=\"image.default\">\n\t\t\t\t<div class=\"elementor-widget-container\">\n\t\t\t\t\t\t\t\t\t\t\t\t<figure class=\"wp-caption\">\n\t\t\t\t\t\t\t\t\t\t<img fetchpriority=\"high\" decoding=\"async\" width=\"696\" height=\"524\" src=\"https:\/\/arsatis.fr\/wp-content\/uploads\/2023\/05\/Image82.jpg\" class=\"attachment-large size-large wp-image-1413\" alt=\"\" srcset=\"https:\/\/arsatis.fr\/wp-content\/uploads\/2023\/05\/Image82.jpg 696w, https:\/\/arsatis.fr\/wp-content\/uploads\/2023\/05\/Image82-300x226.jpg 300w\" sizes=\"100vw\" \/>\t\t\t\t\t\t\t\t\t\t\t<figcaption class=\"widget-image-caption wp-caption-text\">AVANT<\/figcaption>\n\t\t\t\t\t\t\t\t\t\t<\/figure>\n\t\t\t\t\t\t\t\t\t<\/div>\n\t\t\t\t<\/div>\n\t\t\t\t\t<\/div>\n\t\t<\/div>\n\t\t\t\t<div class=\"elementor-column elementor-col-50 elementor-top-column elementor-element elementor-element-1109e1e\" data-id=\"1109e1e\" data-element_type=\"column\" data-e-type=\"column\">\n\t\t\t<div class=\"elementor-widget-wrap elementor-element-populated\">\n\t\t\t\t\t\t<div class=\"elementor-element elementor-element-62e5c16 animated-slow elementor-widget elementor-widget-image\" data-id=\"62e5c16\" data-element_type=\"widget\" data-e-type=\"widget\" data-settings=\"{&quot;_animation&quot;:&quot;none&quot;}\" data-widget_type=\"image.default\">\n\t\t\t\t<div class=\"elementor-widget-container\">\n\t\t\t\t\t\t\t\t\t\t\t\t<figure class=\"wp-caption\">\n\t\t\t\t\t\t\t\t\t\t<img decoding=\"async\" width=\"771\" height=\"1024\" src=\"https:\/\/arsatis.fr\/wp-content\/uploads\/2023\/05\/Image83-771x1024.jpg\" class=\"attachment-large size-large wp-image-1414\" alt=\"\" srcset=\"https:\/\/arsatis.fr\/wp-content\/uploads\/2023\/05\/Image83-771x1024.jpg 771w, https:\/\/arsatis.fr\/wp-content\/uploads\/2023\/05\/Image83-226x300.jpg 226w, https:\/\/arsatis.fr\/wp-content\/uploads\/2023\/05\/Image83-768x1020.jpg 768w, https:\/\/arsatis.fr\/wp-content\/uploads\/2023\/05\/Image83.jpg 923w\" sizes=\"100vw\" \/>\t\t\t\t\t\t\t\t\t\t\t<figcaption class=\"widget-image-caption wp-caption-text\">APR\u00c8S<\/figcaption>\n\t\t\t\t\t\t\t\t\t\t<\/figure>\n\t\t\t\t\t\t\t\t\t<\/div>\n\t\t\t\t<\/div>\n\t\t\t\t\t<\/div>\n\t\t<\/div>\n\t\t\t\t\t<\/div>\n\t\t<\/section>\n\t\t\t\t<\/div>\n\t\t","protected":false},"excerpt":{"rendered":"<p>Logis de Fargeas Mirabeau (ISMH) \u00e0 VICQ-SUR-BREUILH (87) Restauration du clos et du couvert Butonnage par HEA d&rsquo;un mur pignon mena\u00e7ant p\u00e9ril, travaux d&rsquo;adduction, assainissement, drainage, r\u00e9seaux sous dallage, consolidation et ravalement d&rsquo;une cave vo\u00fbt\u00e9e, arasement en ma\u00e7onnerie de moellons, r\u00e9paration consolidation et remplacement des \u00e9l\u00e9ments d\u00e9fectueux de l&rsquo;ensemble des ouvertures en pierre de taille &hellip; <\/p>\n<p class=\"link-more\"><a href=\"https:\/\/arsatis.fr\/?page_id=1408\" class=\"more-link\">Lire la suite de<span class=\"screen-reader-text\">\u00ab\u00a0R\u00e9f\u00e9rence 41\u00a0\u00bb<\/span><\/a><\/p>\n","protected":false},"author":1,"featured_media":0,"parent":0,"menu_order":0,"comment_status":"closed","ping_status":"closed","template":"","meta":{"footnotes":""},"class_list":["post-1408","page","type-page","status-publish","hentry"],"_links":{"self":[{"href":"https:\/\/arsatis.fr\/index.php?rest_route=\/wp\/v2\/pages\/1408","targetHints":{"allow":["GET"]}}],"collection":[{"href":"https:\/\/arsatis.fr\/index.php?rest_route=\/wp\/v2\/pages"}],"about":[{"href":"https:\/\/arsatis.fr\/index.php?rest_route=\/wp\/v2\/types\/page"}],"author":[{"embeddable":true,"href":"https:\/\/arsatis.fr\/index.php?rest_route=\/wp\/v2\/users\/1"}],"replies":[{"embeddable":true,"href":"https:\/\/arsatis.fr\/index.php?rest_route=%2Fwp%2Fv2%2Fcomments&post=1408"}],"version-history":[{"count":19,"href":"https:\/\/arsatis.fr\/index.php?rest_route=\/wp\/v2\/pages\/1408\/revisions"}],"predecessor-version":[{"id":3882,"href":"https:\/\/arsatis.fr\/index.php?rest_route=\/wp\/v2\/pages\/1408\/revisions\/3882"}],"wp:attachment":[{"href":"https:\/\/arsatis.fr\/index.php?rest_route=%2Fwp%2Fv2%2Fmedia&parent=1408"}],"curies":[{"name":"wp","href":"https:\/\/api.w.org\/{rel}","templated":true}]}}