{"id":1203,"date":"2023-05-11T14:17:55","date_gmt":"2023-05-11T14:17:55","guid":{"rendered":"https:\/\/arsatis.fr\/?page_id=1203"},"modified":"2023-05-31T09:29:12","modified_gmt":"2023-05-31T09:29:12","slug":"reference-37","status":"publish","type":"page","link":"https:\/\/arsatis.fr\/?page_id=1203","title":{"rendered":"R\u00e9f\u00e9rence 37"},"content":{"rendered":"\t\t<div data-elementor-type=\"wp-page\" data-elementor-id=\"1203\" class=\"elementor elementor-1203\">\n\t\t\t\t\t\t<section class=\"elementor-section elementor-top-section elementor-element elementor-element-43315c2 elementor-section-boxed elementor-section-height-default elementor-section-height-default\" data-id=\"43315c2\" data-element_type=\"section\" data-e-type=\"section\">\n\t\t\t\t\t\t<div class=\"elementor-container elementor-column-gap-default\">\n\t\t\t\t\t<div class=\"elementor-column elementor-col-100 elementor-top-column elementor-element elementor-element-9dbbf4a\" data-id=\"9dbbf4a\" data-element_type=\"column\" data-e-type=\"column\">\n\t\t\t<div class=\"elementor-widget-wrap elementor-element-populated\">\n\t\t\t\t\t\t<div class=\"elementor-element elementor-element-cdd50f6 elementor-widget elementor-widget-shortcode\" data-id=\"cdd50f6\" data-element_type=\"widget\" data-e-type=\"widget\" data-widget_type=\"shortcode.default\">\n\t\t\t\t<div class=\"elementor-widget-container\">\n\t\t\t\t\t\t\t<div class=\"elementor-shortcode\"><input type=\"button\" value=\"Back\" class=\"alg_back_button_input \" style=\"\" onclick=\"window.history.back()\" \/> <\/div>\n\t\t\t\t\t\t<\/div>\n\t\t\t\t<\/div>\n\t\t\t\t\t<\/div>\n\t\t<\/div>\n\t\t\t\t\t<\/div>\n\t\t<\/section>\n\t\t\t\t<section class=\"elementor-section elementor-top-section elementor-element elementor-element-814fedf elementor-section-boxed elementor-section-height-default elementor-section-height-default\" data-id=\"814fedf\" data-element_type=\"section\" data-e-type=\"section\">\n\t\t\t\t\t\t<div class=\"elementor-container elementor-column-gap-default\">\n\t\t\t\t\t<div class=\"elementor-column elementor-col-100 elementor-top-column elementor-element elementor-element-8aa02d5\" data-id=\"8aa02d5\" data-element_type=\"column\" data-e-type=\"column\">\n\t\t\t<div class=\"elementor-widget-wrap elementor-element-populated\">\n\t\t\t\t\t\t<div class=\"elementor-element elementor-element-f7bc1c6 elementor-widget elementor-widget-heading\" data-id=\"f7bc1c6\" data-element_type=\"widget\" data-e-type=\"widget\" data-widget_type=\"heading.default\">\n\t\t\t\t<div class=\"elementor-widget-container\">\n\t\t\t\t\t<h2 class=\"elementor-heading-title elementor-size-default\">Maison des Associations (87)<\/h2>\t\t\t\t<\/div>\n\t\t\t\t<\/div>\n\t\t\t\t\t<\/div>\n\t\t<\/div>\n\t\t\t\t\t<\/div>\n\t\t<\/section>\n\t\t\t\t<section class=\"elementor-section elementor-top-section elementor-element elementor-element-c6d762f elementor-section-boxed elementor-section-height-default elementor-section-height-default\" data-id=\"c6d762f\" data-element_type=\"section\" data-e-type=\"section\">\n\t\t\t\t\t\t<div class=\"elementor-container elementor-column-gap-default\">\n\t\t\t\t\t<div class=\"elementor-column elementor-col-100 elementor-top-column elementor-element elementor-element-26f6342\" data-id=\"26f6342\" data-element_type=\"column\" data-e-type=\"column\">\n\t\t\t<div class=\"elementor-widget-wrap elementor-element-populated\">\n\t\t\t\t\t\t<div class=\"elementor-element elementor-element-a8216e7 elementor-widget elementor-widget-text-editor\" data-id=\"a8216e7\" data-element_type=\"widget\" data-e-type=\"widget\" data-widget_type=\"text-editor.default\">\n\t\t\t\t<div class=\"elementor-widget-container\">\n\t\t\t\t\t\t\t\t\t<p>Am\u00e9nagement<\/p>\t\t\t\t\t\t\t\t<\/div>\n\t\t\t\t<\/div>\n\t\t\t\t\t<\/div>\n\t\t<\/div>\n\t\t\t\t\t<\/div>\n\t\t<\/section>\n\t\t\t\t<section class=\"elementor-section elementor-top-section elementor-element elementor-element-9ae772e elementor-section-boxed elementor-section-height-default elementor-section-height-default\" data-id=\"9ae772e\" data-element_type=\"section\" data-e-type=\"section\">\n\t\t\t\t\t\t<div class=\"elementor-container elementor-column-gap-default\">\n\t\t\t\t\t<div class=\"elementor-column elementor-col-100 elementor-top-column elementor-element elementor-element-dbc44fd\" data-id=\"dbc44fd\" data-element_type=\"column\" data-e-type=\"column\">\n\t\t\t<div class=\"elementor-widget-wrap elementor-element-populated\">\n\t\t\t\t\t\t<div class=\"elementor-element elementor-element-480e87a elementor-widget elementor-widget-text-editor\" data-id=\"480e87a\" data-element_type=\"widget\" data-e-type=\"widget\" data-widget_type=\"text-editor.default\">\n\t\t\t\t<div class=\"elementor-widget-container\">\n\t\t\t\t\t\t\t\t\t<p>D\u00e9molition de l&rsquo;ensemble des planchers bois, des cloisonnements, des dallages et des murs de refend &#8211; Terrassement et fondations &#8211; Cr\u00e9ation de dallage BA sur terre-plein, de planchers BA, d&rsquo;une gaine d&rsquo;ascenseur et d&rsquo;un escalier BA &#8211; Cr\u00e9ation d&rsquo;ouvertures<br \/>Ravalement des fa\u00e7ades par enduit \u00e0 pierre vue au mortier de chaux<\/p>\t\t\t\t\t\t\t\t<\/div>\n\t\t\t\t<\/div>\n\t\t\t\t\t<\/div>\n\t\t<\/div>\n\t\t\t\t\t<\/div>\n\t\t<\/section>\n\t\t\t\t<section class=\"elementor-section elementor-top-section elementor-element elementor-element-c0c58ee elementor-section-boxed elementor-section-height-default elementor-section-height-default\" data-id=\"c0c58ee\" data-element_type=\"section\" data-e-type=\"section\">\n\t\t\t\t\t\t<div class=\"elementor-container elementor-column-gap-default\">\n\t\t\t\t\t<div class=\"elementor-column elementor-col-50 elementor-top-column elementor-element elementor-element-403db0b\" data-id=\"403db0b\" data-element_type=\"column\" data-e-type=\"column\">\n\t\t\t<div class=\"elementor-widget-wrap elementor-element-populated\">\n\t\t\t\t\t\t<div class=\"elementor-element elementor-element-9a6efdb elementor-widget elementor-widget-image\" data-id=\"9a6efdb\" data-element_type=\"widget\" data-e-type=\"widget\" data-widget_type=\"image.default\">\n\t\t\t\t<div class=\"elementor-widget-container\">\n\t\t\t\t\t\t\t\t\t\t\t\t<figure class=\"wp-caption\">\n\t\t\t\t\t\t\t\t\t\t<img fetchpriority=\"high\" decoding=\"async\" width=\"467\" height=\"352\" src=\"https:\/\/arsatis.fr\/wp-content\/uploads\/2023\/05\/Image72.jpg\" class=\"attachment-large size-large wp-image-1205\" alt=\"\" srcset=\"https:\/\/arsatis.fr\/wp-content\/uploads\/2023\/05\/Image72.jpg 467w, https:\/\/arsatis.fr\/wp-content\/uploads\/2023\/05\/Image72-300x226.jpg 300w\" sizes=\"100vw\" \/>\t\t\t\t\t\t\t\t\t\t\t<figcaption class=\"widget-image-caption wp-caption-text\">AVANT<\/figcaption>\n\t\t\t\t\t\t\t\t\t\t<\/figure>\n\t\t\t\t\t\t\t\t\t<\/div>\n\t\t\t\t<\/div>\n\t\t\t\t\t<\/div>\n\t\t<\/div>\n\t\t\t\t<div class=\"elementor-column elementor-col-50 elementor-top-column elementor-element elementor-element-9984949\" data-id=\"9984949\" data-element_type=\"column\" data-e-type=\"column\">\n\t\t\t<div class=\"elementor-widget-wrap elementor-element-populated\">\n\t\t\t\t\t\t<div class=\"elementor-element elementor-element-36912e1 elementor-widget elementor-widget-image\" data-id=\"36912e1\" data-element_type=\"widget\" data-e-type=\"widget\" data-widget_type=\"image.default\">\n\t\t\t\t<div class=\"elementor-widget-container\">\n\t\t\t\t\t\t\t\t\t\t\t\t<figure class=\"wp-caption\">\n\t\t\t\t\t\t\t\t\t\t<img decoding=\"async\" width=\"885\" height=\"665\" src=\"https:\/\/arsatis.fr\/wp-content\/uploads\/2023\/05\/Image73.jpg\" class=\"attachment-large size-large wp-image-1206\" alt=\"\" srcset=\"https:\/\/arsatis.fr\/wp-content\/uploads\/2023\/05\/Image73.jpg 885w, https:\/\/arsatis.fr\/wp-content\/uploads\/2023\/05\/Image73-300x225.jpg 300w, https:\/\/arsatis.fr\/wp-content\/uploads\/2023\/05\/Image73-768x577.jpg 768w\" sizes=\"100vw\" \/>\t\t\t\t\t\t\t\t\t\t\t<figcaption class=\"widget-image-caption wp-caption-text\">APR\u00c8S<\/figcaption>\n\t\t\t\t\t\t\t\t\t\t<\/figure>\n\t\t\t\t\t\t\t\t\t<\/div>\n\t\t\t\t<\/div>\n\t\t\t\t\t<\/div>\n\t\t<\/div>\n\t\t\t\t\t<\/div>\n\t\t<\/section>\n\t\t\t\t<\/div>\n\t\t","protected":false},"excerpt":{"rendered":"<p>Maison des Associations (87) Am\u00e9nagement D\u00e9molition de l&rsquo;ensemble des planchers bois, des cloisonnements, des dallages et des murs de refend &#8211; Terrassement et fondations &#8211; Cr\u00e9ation de dallage BA sur terre-plein, de planchers BA, d&rsquo;une gaine d&rsquo;ascenseur et d&rsquo;un escalier BA &#8211; Cr\u00e9ation d&rsquo;ouverturesRavalement des fa\u00e7ades par enduit \u00e0 pierre vue au mortier de chaux &hellip; <\/p>\n<p class=\"link-more\"><a href=\"https:\/\/arsatis.fr\/?page_id=1203\" class=\"more-link\">Lire la suite de<span class=\"screen-reader-text\">\u00ab\u00a0R\u00e9f\u00e9rence 37\u00a0\u00bb<\/span><\/a><\/p>\n","protected":false},"author":1,"featured_media":0,"parent":0,"menu_order":0,"comment_status":"closed","ping_status":"closed","template":"","meta":{"footnotes":""},"class_list":["post-1203","page","type-page","status-publish","hentry"],"_links":{"self":[{"href":"https:\/\/arsatis.fr\/index.php?rest_route=\/wp\/v2\/pages\/1203","targetHints":{"allow":["GET"]}}],"collection":[{"href":"https:\/\/arsatis.fr\/index.php?rest_route=\/wp\/v2\/pages"}],"about":[{"href":"https:\/\/arsatis.fr\/index.php?rest_route=\/wp\/v2\/types\/page"}],"author":[{"embeddable":true,"href":"https:\/\/arsatis.fr\/index.php?rest_route=\/wp\/v2\/users\/1"}],"replies":[{"embeddable":true,"href":"https:\/\/arsatis.fr\/index.php?rest_route=%2Fwp%2Fv2%2Fcomments&post=1203"}],"version-history":[{"count":16,"href":"https:\/\/arsatis.fr\/index.php?rest_route=\/wp\/v2\/pages\/1203\/revisions"}],"predecessor-version":[{"id":3860,"href":"https:\/\/arsatis.fr\/index.php?rest_route=\/wp\/v2\/pages\/1203\/revisions\/3860"}],"wp:attachment":[{"href":"https:\/\/arsatis.fr\/index.php?rest_route=%2Fwp%2Fv2%2Fmedia&parent=1203"}],"curies":[{"name":"wp","href":"https:\/\/api.w.org\/{rel}","templated":true}]}}