{"id":1110,"date":"2023-05-11T10:53:06","date_gmt":"2023-05-11T10:53:06","guid":{"rendered":"https:\/\/arsatis.fr\/?page_id=1110"},"modified":"2023-05-30T07:34:28","modified_gmt":"2023-05-30T07:34:28","slug":"reference-25","status":"publish","type":"page","link":"https:\/\/arsatis.fr\/?page_id=1110","title":{"rendered":"R\u00e9f\u00e9rence 25"},"content":{"rendered":"\t\t<div data-elementor-type=\"wp-page\" data-elementor-id=\"1110\" class=\"elementor elementor-1110\">\n\t\t\t\t\t\t<section class=\"elementor-section elementor-top-section elementor-element elementor-element-331cceb elementor-section-boxed elementor-section-height-default elementor-section-height-default\" data-id=\"331cceb\" data-element_type=\"section\" data-e-type=\"section\">\n\t\t\t\t\t\t<div class=\"elementor-container elementor-column-gap-default\">\n\t\t\t\t\t<div class=\"elementor-column elementor-col-100 elementor-top-column elementor-element elementor-element-4fcc283\" data-id=\"4fcc283\" data-element_type=\"column\" data-e-type=\"column\">\n\t\t\t<div class=\"elementor-widget-wrap elementor-element-populated\">\n\t\t\t\t\t\t<div class=\"elementor-element elementor-element-b58db9c elementor-widget elementor-widget-shortcode\" data-id=\"b58db9c\" data-element_type=\"widget\" data-e-type=\"widget\" data-widget_type=\"shortcode.default\">\n\t\t\t\t<div class=\"elementor-widget-container\">\n\t\t\t\t\t\t\t<div class=\"elementor-shortcode\"><input type=\"button\" value=\"Back\" class=\"alg_back_button_input \" style=\"\" onclick=\"window.history.back()\" \/> <\/div>\n\t\t\t\t\t\t<\/div>\n\t\t\t\t<\/div>\n\t\t\t\t\t<\/div>\n\t\t<\/div>\n\t\t\t\t\t<\/div>\n\t\t<\/section>\n\t\t\t\t<section class=\"elementor-section elementor-top-section elementor-element elementor-element-356486b elementor-section-boxed elementor-section-height-default elementor-section-height-default\" data-id=\"356486b\" data-element_type=\"section\" data-e-type=\"section\">\n\t\t\t\t\t\t<div class=\"elementor-container elementor-column-gap-default\">\n\t\t\t\t\t<div class=\"elementor-column elementor-col-100 elementor-top-column elementor-element elementor-element-29bef57\" data-id=\"29bef57\" data-element_type=\"column\" data-e-type=\"column\">\n\t\t\t<div class=\"elementor-widget-wrap elementor-element-populated\">\n\t\t\t\t\t\t<div class=\"elementor-element elementor-element-63f1098 elementor-widget elementor-widget-heading\" data-id=\"63f1098\" data-element_type=\"widget\" data-e-type=\"widget\" data-widget_type=\"heading.default\">\n\t\t\t\t<div class=\"elementor-widget-container\">\n\t\t\t\t\t<h2 class=\"elementor-heading-title elementor-size-default\">Eglise Saint-S\u00e9bastien (MH) \u00e0 REMPNAT (87)<\/h2>\t\t\t\t<\/div>\n\t\t\t\t<\/div>\n\t\t\t\t\t<\/div>\n\t\t<\/div>\n\t\t\t\t\t<\/div>\n\t\t<\/section>\n\t\t\t\t<section class=\"elementor-section elementor-top-section elementor-element elementor-element-83c95d6 elementor-section-boxed elementor-section-height-default elementor-section-height-default\" data-id=\"83c95d6\" data-element_type=\"section\" data-e-type=\"section\">\n\t\t\t\t\t\t<div class=\"elementor-container elementor-column-gap-default\">\n\t\t\t\t\t<div class=\"elementor-column elementor-col-100 elementor-top-column elementor-element elementor-element-2d77a1f\" data-id=\"2d77a1f\" data-element_type=\"column\" data-e-type=\"column\">\n\t\t\t<div class=\"elementor-widget-wrap elementor-element-populated\">\n\t\t\t\t\t\t<div class=\"elementor-element elementor-element-f01a2fb elementor-widget elementor-widget-text-editor\" data-id=\"f01a2fb\" data-element_type=\"widget\" data-e-type=\"widget\" data-widget_type=\"text-editor.default\">\n\t\t\t\t<div class=\"elementor-widget-container\">\n\t\t\t\t\t\t\t\t\t<p>Cr\u00e9ation des parvis Ouest et Sud<\/p>\t\t\t\t\t\t\t\t<\/div>\n\t\t\t\t<\/div>\n\t\t\t\t\t<\/div>\n\t\t<\/div>\n\t\t\t\t\t<\/div>\n\t\t<\/section>\n\t\t\t\t<section class=\"elementor-section elementor-top-section elementor-element elementor-element-529535e elementor-section-boxed elementor-section-height-default elementor-section-height-default\" data-id=\"529535e\" data-element_type=\"section\" data-e-type=\"section\">\n\t\t\t\t\t\t<div class=\"elementor-container elementor-column-gap-default\">\n\t\t\t\t\t<div class=\"elementor-column elementor-col-100 elementor-top-column elementor-element elementor-element-513ad1e\" data-id=\"513ad1e\" data-element_type=\"column\" data-e-type=\"column\">\n\t\t\t<div class=\"elementor-widget-wrap elementor-element-populated\">\n\t\t\t\t\t\t<div class=\"elementor-element elementor-element-b1fed2e elementor-widget elementor-widget-text-editor\" data-id=\"b1fed2e\" data-element_type=\"widget\" data-e-type=\"widget\" data-widget_type=\"text-editor.default\">\n\t\t\t\t<div class=\"elementor-widget-container\">\n\t\t\t\t\t\t\t\t\t<p>Fourniture de dallage granit d&rsquo;\u00e9paisseur 8 cm, <br>taill\u00e9 et vieilli manuellement, pos\u00e9 sur chape maigre, compris jointoiement<\/p>\t\t\t\t\t\t\t\t<\/div>\n\t\t\t\t<\/div>\n\t\t\t\t\t<\/div>\n\t\t<\/div>\n\t\t\t\t\t<\/div>\n\t\t<\/section>\n\t\t\t\t<section class=\"elementor-section elementor-top-section elementor-element elementor-element-a4f52d6 elementor-section-boxed elementor-section-height-default elementor-section-height-default\" data-id=\"a4f52d6\" data-element_type=\"section\" data-e-type=\"section\">\n\t\t\t\t\t\t<div class=\"elementor-container elementor-column-gap-default\">\n\t\t\t\t\t<div class=\"elementor-column elementor-col-50 elementor-top-column elementor-element elementor-element-59d2f4b\" data-id=\"59d2f4b\" data-element_type=\"column\" data-e-type=\"column\">\n\t\t\t<div class=\"elementor-widget-wrap elementor-element-populated\">\n\t\t\t\t\t\t<div class=\"elementor-element elementor-element-2bf8233 elementor-widget elementor-widget-image\" data-id=\"2bf8233\" data-element_type=\"widget\" data-e-type=\"widget\" data-widget_type=\"image.default\">\n\t\t\t\t<div class=\"elementor-widget-container\">\n\t\t\t\t\t\t\t\t\t\t\t\t<figure class=\"wp-caption\">\n\t\t\t\t\t\t\t\t\t\t<img fetchpriority=\"high\" decoding=\"async\" width=\"950\" height=\"713\" src=\"https:\/\/arsatis.fr\/wp-content\/uploads\/2023\/05\/Image49-1024x768.jpg\" class=\"attachment-large size-large wp-image-1114\" alt=\"\" srcset=\"https:\/\/arsatis.fr\/wp-content\/uploads\/2023\/05\/Image49-1024x768.jpg 1024w, https:\/\/arsatis.fr\/wp-content\/uploads\/2023\/05\/Image49-300x225.jpg 300w, https:\/\/arsatis.fr\/wp-content\/uploads\/2023\/05\/Image49-768x576.jpg 768w, https:\/\/arsatis.fr\/wp-content\/uploads\/2023\/05\/Image49-1536x1152.jpg 1536w, https:\/\/arsatis.fr\/wp-content\/uploads\/2023\/05\/Image49-2048x1536.jpg 2048w, https:\/\/arsatis.fr\/wp-content\/uploads\/2023\/05\/Image49-2000x1500.jpg 2000w\" sizes=\"100vw\" \/>\t\t\t\t\t\t\t\t\t\t\t<figcaption class=\"widget-image-caption wp-caption-text\">AVANT<\/figcaption>\n\t\t\t\t\t\t\t\t\t\t<\/figure>\n\t\t\t\t\t\t\t\t\t<\/div>\n\t\t\t\t<\/div>\n\t\t\t\t\t<\/div>\n\t\t<\/div>\n\t\t\t\t<div class=\"elementor-column elementor-col-50 elementor-top-column elementor-element elementor-element-4993a78\" data-id=\"4993a78\" data-element_type=\"column\" data-e-type=\"column\">\n\t\t\t<div class=\"elementor-widget-wrap elementor-element-populated\">\n\t\t\t\t\t\t<div class=\"elementor-element elementor-element-10fe4b2 elementor-widget elementor-widget-image\" data-id=\"10fe4b2\" data-element_type=\"widget\" data-e-type=\"widget\" data-widget_type=\"image.default\">\n\t\t\t\t<div class=\"elementor-widget-container\">\n\t\t\t\t\t\t\t\t\t\t\t\t<figure class=\"wp-caption\">\n\t\t\t\t\t\t\t\t\t\t<img decoding=\"async\" width=\"950\" height=\"713\" src=\"https:\/\/arsatis.fr\/wp-content\/uploads\/2023\/05\/Image50-1024x768.jpg\" class=\"attachment-large size-large wp-image-1113\" alt=\"\" srcset=\"https:\/\/arsatis.fr\/wp-content\/uploads\/2023\/05\/Image50-1024x768.jpg 1024w, https:\/\/arsatis.fr\/wp-content\/uploads\/2023\/05\/Image50-300x225.jpg 300w, https:\/\/arsatis.fr\/wp-content\/uploads\/2023\/05\/Image50-768x576.jpg 768w, https:\/\/arsatis.fr\/wp-content\/uploads\/2023\/05\/Image50-1536x1152.jpg 1536w, https:\/\/arsatis.fr\/wp-content\/uploads\/2023\/05\/Image50-2048x1536.jpg 2048w, https:\/\/arsatis.fr\/wp-content\/uploads\/2023\/05\/Image50-2000x1500.jpg 2000w\" sizes=\"100vw\" \/>\t\t\t\t\t\t\t\t\t\t\t<figcaption class=\"widget-image-caption wp-caption-text\">APR\u00c8S<\/figcaption>\n\t\t\t\t\t\t\t\t\t\t<\/figure>\n\t\t\t\t\t\t\t\t\t<\/div>\n\t\t\t\t<\/div>\n\t\t\t\t\t<\/div>\n\t\t<\/div>\n\t\t\t\t\t<\/div>\n\t\t<\/section>\n\t\t\t\t<\/div>\n\t\t","protected":false},"excerpt":{"rendered":"<p>Eglise Saint-S\u00e9bastien (MH) \u00e0 REMPNAT (87) Cr\u00e9ation des parvis Ouest et Sud Fourniture de dallage granit d&rsquo;\u00e9paisseur 8 cm, taill\u00e9 et vieilli manuellement, pos\u00e9 sur chape maigre, compris jointoiement AVANT APR\u00c8S<\/p>\n","protected":false},"author":1,"featured_media":0,"parent":0,"menu_order":0,"comment_status":"closed","ping_status":"closed","template":"","meta":{"footnotes":""},"class_list":["post-1110","page","type-page","status-publish","hentry"],"_links":{"self":[{"href":"https:\/\/arsatis.fr\/index.php?rest_route=\/wp\/v2\/pages\/1110","targetHints":{"allow":["GET"]}}],"collection":[{"href":"https:\/\/arsatis.fr\/index.php?rest_route=\/wp\/v2\/pages"}],"about":[{"href":"https:\/\/arsatis.fr\/index.php?rest_route=\/wp\/v2\/types\/page"}],"author":[{"embeddable":true,"href":"https:\/\/arsatis.fr\/index.php?rest_route=\/wp\/v2\/users\/1"}],"replies":[{"embeddable":true,"href":"https:\/\/arsatis.fr\/index.php?rest_route=%2Fwp%2Fv2%2Fcomments&post=1110"}],"version-history":[{"count":13,"href":"https:\/\/arsatis.fr\/index.php?rest_route=\/wp\/v2\/pages\/1110\/revisions"}],"predecessor-version":[{"id":3802,"href":"https:\/\/arsatis.fr\/index.php?rest_route=\/wp\/v2\/pages\/1110\/revisions\/3802"}],"wp:attachment":[{"href":"https:\/\/arsatis.fr\/index.php?rest_route=%2Fwp%2Fv2%2Fmedia&parent=1110"}],"curies":[{"name":"wp","href":"https:\/\/api.w.org\/{rel}","templated":true}]}}